{"id":1144,"date":"2020-07-01T12:09:03","date_gmt":"2020-07-01T10:09:03","guid":{"rendered":"http:\/\/connexion-animale.com\/?page_id=1144"},"modified":"2025-10-21T17:30:01","modified_gmt":"2025-10-21T15:30:01","slug":"mon-livre","status":"publish","type":"page","link":"https:\/\/connexion-animale.com\/?page_id=1144","title":{"rendered":"Mon Livre"},"content":{"rendered":"\t\t<div data-elementor-type=\"wp-page\" data-elementor-id=\"1144\" class=\"elementor elementor-1144\">\n\t\t\t\t\t\t<section class=\"elementor-section elementor-top-section elementor-element elementor-element-6aad4285 elementor-section-boxed elementor-section-height-default elementor-section-height-default\" data-id=\"6aad4285\" data-element_type=\"section\" data-e-type=\"section\">\n\t\t\t\t\t\t<div class=\"elementor-container elementor-column-gap-default\">\n\t\t\t\t\t<div class=\"elementor-column elementor-col-100 elementor-top-column elementor-element elementor-element-298b390f\" data-id=\"298b390f\" data-element_type=\"column\" data-e-type=\"column\">\n\t\t\t<div class=\"elementor-widget-wrap elementor-element-populated\">\n\t\t\t\t\t\t<div class=\"elementor-element elementor-element-b782328 elementor-widget-divider--separator-type-pattern elementor-widget-divider--no-spacing elementor-widget-divider--view-line elementor-widget elementor-widget-divider\" data-id=\"b782328\" data-element_type=\"widget\" data-e-type=\"widget\" data-widget_type=\"divider.default\">\n\t\t\t\t\t\t\t<div class=\"elementor-divider\" style=\"--divider-pattern-url: url(&quot;data:image\/svg+xml,%3Csvg xmlns=&#039;http:\/\/www.w3.org\/2000\/svg&#039; preserveAspectRatio=&#039;xMidYMid meet&#039; overflow=&#039;visible&#039; height=&#039;100%&#039; viewBox=&#039;0 0 121 26&#039; fill=&#039;black&#039; stroke=&#039;none&#039;%3E%3Cpath d=&#039;M29.6,10.3l2.1,2.2l-3.6,3.3h7v2.9h-7l3.6,3.5l-2.1,1.7l-5.2-5.2h-5.8v-2.9h5.8L29.6,10.3z M70.9,9.6l2.1,1.7l-3.6,3.5h7v2.9h-7l3.6,3.3l-2.1,2.2l-5.2-5.5h-5.8v-2.9h5.8L70.9,9.6z M111.5,9.6l2.1,1.7l-3.6,3.5h7v2.9h-7l3.6,3.3l-2.1,2.2l-5.2-5.5h-5.8v-2.9h5.8L111.5,9.6z M50.2,2.7l2.1,1.7l-3.6,3.5h7v2.9h-7l3.6,3.3l-2.1,2.2L45,10.7h-5.8V7.9H45L50.2,2.7z M11,2l2.1,1.7L9.6,7.2h7V10h-7l3.6,3.3L11,15.5L5.8,10H0V7.2h5.8L11,2z M91.5,2l2.1,2.2l-3.6,3.3h7v2.9h-7l3.6,3.5l-2.1,1.7l-5.2-5.2h-5.8V7.5h5.8L91.5,2z&#039;\/%3E%3C\/svg%3E&quot;);\">\n\t\t\t<span class=\"elementor-divider-separator\">\n\t\t\t\t\t\t<\/span>\n\t\t<\/div>\n\t\t\t\t\t\t<\/div>\n\t\t\t\t<div class=\"elementor-element elementor-element-18231fb elementor-widget elementor-widget-text-editor\" data-id=\"18231fb\" data-element_type=\"widget\" data-e-type=\"widget\" data-widget_type=\"text-editor.default\">\n\t\t\t\t\t\t\t\t\t<p><\/p>\n<p style=\"text-align: center;\"><em>En \u00e9crivant ce livre , j&rsquo;ai souhait\u00e9 contribuer \u00e0 davantage de bienveillance, d&rsquo;amour et de conscience sur Terre. C&rsquo;est mon offrande \u00e0 la vie. <br \/><\/em><\/p>\n<p><em><\/em><\/p>\n<p style=\"text-align: center;\"><em>Dans ce livre, je partage <span style=\"color: #ff6600;\"><strong><span style=\"color: #993366;\">les messages de sagesse des animaux de compagnie<\/span> <\/strong><\/span>ainsi que <span style=\"color: #993366;\"><strong>mes compr\u00e9hensions<\/strong><\/span> issues, en partie, de mon m\u00e9tier de communicatrice animali\u00e8re.<\/em><br \/><em>Vous y trouverez des messages au sujet de diff\u00e9rents th\u00e8mes de la vie: le couple, le bonheur, l&rsquo;instant pr\u00e9sent, notre relation au travail, le lien \u00e0 la nature et aux animaux, etc. <\/em><br \/><em>Ce sont des clefs pour vous amener vers davantage de <span style=\"color: #008080;\"><strong>s\u00e9r\u00e9nit\u00e9<\/strong><\/span> et de <span style=\"color: #008080;\"><strong>libert\u00e9 d&rsquo;\u00eatre.<\/strong><\/span><\/em><\/p>\n<p><em><\/em><\/p>\n<p style=\"text-align: center;\"><em>Merci \u00e0 tous.tes ceux.celles qui m&rsquo;ont soutenu depuis le d\u00e9but de l&rsquo;\u00e9criture et merci \u00e0 mon \u00e9ditrice pour sa confiance. Je me sens tellement chanceuse \ud83c\udf40<\/em><\/p>\n<p><em><\/em><\/p>\n<p style=\"text-align: center;\"><em>Vous pouvez le trouver d\u00e8s maintenant sur internet ou dans votre librairie pr\u00e9f\u00e9r\u00e9e \ud83c\udf1e<\/em><\/p>\n<p><em><\/em><\/p>\n<p style=\"text-align: center;\"><em><a href=\"http:\/\/www.lemercuredauphinois.fr\/cont\u2026\/\u2026\/qu-as-tu-a-me-dire\"><span style=\"color: #ff9900;\"><span style=\"color: #339966;\">http:\/\/www.lemercuredauphinois.fr\/cont\u2026\/\u2026\/qu-as-tu-a-me-dire<\/span><\/span><\/a><\/em><\/p>\n<p><em><\/em><\/p>\n<p style=\"text-align: center;\"><em>Je vous souhaite autant de plaisir \u00e0 le lire que j&rsquo;ai eu \u00e0 l&rsquo;\u00e9crire. \ud83e\udd70<\/em><\/p>\n<p><\/p>\n<p><\/p>\t\t\t\t\t\t\t\t<\/div>\n\t\t\t\t<div class=\"elementor-element elementor-element-58391a6 elementor-widget-divider--separator-type-pattern elementor-widget-divider--no-spacing elementor-widget-divider--view-line elementor-widget elementor-widget-divider\" data-id=\"58391a6\" data-element_type=\"widget\" data-e-type=\"widget\" data-widget_type=\"divider.default\">\n\t\t\t\t\t\t\t<div class=\"elementor-divider\" style=\"--divider-pattern-url: url(&quot;data:image\/svg+xml,%3Csvg xmlns=&#039;http:\/\/www.w3.org\/2000\/svg&#039; preserveAspectRatio=&#039;xMidYMid meet&#039; overflow=&#039;visible&#039; height=&#039;100%&#039; viewBox=&#039;0 0 121 26&#039; fill=&#039;black&#039; stroke=&#039;none&#039;%3E%3Cpath d=&#039;M29.6,10.3l2.1,2.2l-3.6,3.3h7v2.9h-7l3.6,3.5l-2.1,1.7l-5.2-5.2h-5.8v-2.9h5.8L29.6,10.3z M70.9,9.6l2.1,1.7l-3.6,3.5h7v2.9h-7l3.6,3.3l-2.1,2.2l-5.2-5.5h-5.8v-2.9h5.8L70.9,9.6z M111.5,9.6l2.1,1.7l-3.6,3.5h7v2.9h-7l3.6,3.3l-2.1,2.2l-5.2-5.5h-5.8v-2.9h5.8L111.5,9.6z M50.2,2.7l2.1,1.7l-3.6,3.5h7v2.9h-7l3.6,3.3l-2.1,2.2L45,10.7h-5.8V7.9H45L50.2,2.7z M11,2l2.1,1.7L9.6,7.2h7V10h-7l3.6,3.3L11,15.5L5.8,10H0V7.2h5.8L11,2z M91.5,2l2.1,2.2l-3.6,3.3h7v2.9h-7l3.6,3.5l-2.1,1.7l-5.2-5.2h-5.8V7.5h5.8L91.5,2z&#039;\/%3E%3C\/svg%3E&quot;);\">\n\t\t\t<span class=\"elementor-divider-separator\">\n\t\t\t\t\t\t<\/span>\n\t\t<\/div>\n\t\t\t\t\t\t<\/div>\n\t\t\t\t\t<\/div>\n\t\t<\/div>\n\t\t\t\t\t<\/div>\n\t\t<\/section>\n\t\t\t\t<section class=\"elementor-section elementor-top-section elementor-element elementor-element-c8ea1b4 elementor-section-boxed elementor-section-height-default elementor-section-height-default\" data-id=\"c8ea1b4\" data-element_type=\"section\" data-e-type=\"section\">\n\t\t\t\t\t\t<div class=\"elementor-container elementor-column-gap-default\">\n\t\t\t\t\t<div class=\"elementor-column elementor-col-100 elementor-top-column elementor-element elementor-element-74dc656\" data-id=\"74dc656\" data-element_type=\"column\" data-e-type=\"column\">\n\t\t\t<div class=\"elementor-widget-wrap elementor-element-populated\">\n\t\t\t\t\t\t<div class=\"elementor-element elementor-element-120655d elementor-widget elementor-widget-image\" data-id=\"120655d\" data-element_type=\"widget\" data-e-type=\"widget\" data-widget_type=\"image.default\">\n\t\t\t\t\t\t\t\t\t\t\t\t<figure class=\"wp-caption\">\n\t\t\t\t\t\t\t\t\t\t<img fetchpriority=\"high\" decoding=\"async\" width=\"768\" height=\"804\" src=\"https:\/\/connexion-animale.com\/wp-content\/uploads\/2025\/08\/102718496_923160411463755_8027292092388474930_o-768x804-1.jpg\" class=\"attachment-medium_large size-medium_large wp-image-1991\" alt=\"\" \/>\t\t\t\t\t\t\t\t\t\t\t<figcaption class=\"widget-image-caption wp-caption-text\">Couverture \"Qu'as-tu \u00e0 me dire ?\"<\/figcaption>\n\t\t\t\t\t\t\t\t\t\t<\/figure>\n\t\t\t\t\t\t\t\t\t<\/div>\n\t\t\t\t\t<\/div>\n\t\t<\/div>\n\t\t\t\t\t<\/div>\n\t\t<\/section>\n\t\t\t\t<section class=\"elementor-section elementor-top-section elementor-element elementor-element-db4db2c elementor-section-boxed elementor-section-height-default elementor-section-height-default\" data-id=\"db4db2c\" data-element_type=\"section\" data-e-type=\"section\">\n\t\t\t\t\t\t<div class=\"elementor-container elementor-column-gap-default\">\n\t\t\t\t\t<div class=\"elementor-column elementor-col-100 elementor-top-column elementor-element elementor-element-d6a4680\" data-id=\"d6a4680\" data-element_type=\"column\" data-e-type=\"column\">\n\t\t\t<div class=\"elementor-widget-wrap elementor-element-populated\">\n\t\t\t\t\t\t<div class=\"elementor-element elementor-element-623ae5b elementor-widget elementor-widget-image\" data-id=\"623ae5b\" data-element_type=\"widget\" data-e-type=\"widget\" data-widget_type=\"image.default\">\n\t\t\t\t\t\t\t\t\t\t\t\t<figure class=\"wp-caption\">\n\t\t\t\t\t\t\t\t\t\t<img decoding=\"async\" width=\"1024\" height=\"1024\" src=\"https:\/\/connexion-animale.com\/wp-content\/uploads\/2025\/08\/101965446_917614765351653_5590823783209369600_o-1024x1024-1.jpg\" class=\"attachment-large size-large wp-image-1990\" alt=\"\" srcset=\"https:\/\/connexion-animale.com\/wp-content\/uploads\/2025\/08\/101965446_917614765351653_5590823783209369600_o-1024x1024-1.jpg 1024w, https:\/\/connexion-animale.com\/wp-content\/uploads\/2025\/08\/101965446_917614765351653_5590823783209369600_o-1024x1024-1-300x300.jpg 300w, https:\/\/connexion-animale.com\/wp-content\/uploads\/2025\/08\/101965446_917614765351653_5590823783209369600_o-1024x1024-1-75x75.jpg 75w\" sizes=\"(max-width: 1024px) 100vw, 1024px\" \/>\t\t\t\t\t\t\t\t\t\t\t<figcaption class=\"widget-image-caption wp-caption-text\">4\u00e8me de couverture<\/figcaption>\n\t\t\t\t\t\t\t\t\t\t<\/figure>\n\t\t\t\t\t\t\t\t\t<\/div>\n\t\t\t\t\t<\/div>\n\t\t<\/div>\n\t\t\t\t\t<\/div>\n\t\t<\/section>\n\t\t\t\t<\/div>\n\t\t","protected":false},"excerpt":{"rendered":"<p>En \u00e9crivant ce livre , j&rsquo;ai souhait\u00e9 contribuer \u00e0 davantage de bienveillance, d&rsquo;amour et de conscience sur Terre. C&rsquo;est mon offrande \u00e0 la vie. Dans ce livre, je partage les messages de sagesse des animaux de compagnie ainsi que mes compr\u00e9hensions issues, en partie, de mon m\u00e9tier de communicatrice animali\u00e8re.Vous y trouverez des messages au sujet de diff\u00e9rents th\u00e8mes de la vie: le couple, le bonheur, l&rsquo;instant pr\u00e9sent, notre relation au travail, le lien \u00e0 la nature et aux animaux, etc. Ce sont des clefs pour vous amener vers davantage de s\u00e9r\u00e9nit\u00e9 et de libert\u00e9 d&rsquo;\u00eatre. Merci \u00e0 tous.tes ceux.celles qui m&rsquo;ont soutenu depuis le d\u00e9but de l&rsquo;\u00e9criture et merci \u00e0 mon \u00e9ditrice pour sa confiance. Je me sens tellement chanceuse \ud83c\udf40 Vous pouvez le trouver d\u00e8s maintenant sur internet ou dans votre librairie pr\u00e9f\u00e9r\u00e9e \ud83c\udf1e http:\/\/www.lemercuredauphinois.fr\/cont\u2026\/\u2026\/qu-as-tu-a-me-dire Je vous souhaite autant de plaisir \u00e0 le lire que j&rsquo;ai eu \u00e0 l&rsquo;\u00e9crire. \ud83e\udd70 Couverture \u00ab\u00a0Qu&rsquo;as-tu \u00e0 me dire ?\u00a0\u00bb 4\u00e8me de couverture<\/p>\n","protected":false},"author":1,"featured_media":0,"parent":0,"menu_order":0,"comment_status":"closed","ping_status":"closed","template":"","meta":{"footnotes":""},"class_list":["post-1144","page","type-page","status-publish","hentry"],"_links":{"self":[{"href":"https:\/\/connexion-animale.com\/index.php?rest_route=\/wp\/v2\/pages\/1144","targetHints":{"allow":["GET"]}}],"collection":[{"href":"https:\/\/connexion-animale.com\/index.php?rest_route=\/wp\/v2\/pages"}],"about":[{"href":"https:\/\/connexion-animale.com\/index.php?rest_route=\/wp\/v2\/types\/page"}],"author":[{"embeddable":true,"href":"https:\/\/connexion-animale.com\/index.php?rest_route=\/wp\/v2\/users\/1"}],"replies":[{"embeddable":true,"href":"https:\/\/connexion-animale.com\/index.php?rest_route=%2Fwp%2Fv2%2Fcomments&post=1144"}],"version-history":[{"count":4,"href":"https:\/\/connexion-animale.com\/index.php?rest_route=\/wp\/v2\/pages\/1144\/revisions"}],"predecessor-version":[{"id":2177,"href":"https:\/\/connexion-animale.com\/index.php?rest_route=\/wp\/v2\/pages\/1144\/revisions\/2177"}],"wp:attachment":[{"href":"https:\/\/connexion-animale.com\/index.php?rest_route=%2Fwp%2Fv2%2Fmedia&parent=1144"}],"curies":[{"name":"wp","href":"https:\/\/api.w.org\/{rel}","templated":true}]}}