{"id":1296,"date":"2021-11-28T17:35:22","date_gmt":"2021-11-28T16:35:22","guid":{"rendered":"http:\/\/connexion-animale.com\/?page_id=1296"},"modified":"2025-10-27T15:49:16","modified_gmt":"2025-10-27T13:49:16","slug":"date-de-stage","status":"publish","type":"page","link":"https:\/\/connexion-animale.com\/?page_id=1296","title":{"rendered":"Dates de Stage"},"content":{"rendered":"\t\t<div data-elementor-type=\"wp-page\" data-elementor-id=\"1296\" class=\"elementor elementor-1296\">\n\t\t\t\t\t\t<section class=\"elementor-section elementor-top-section elementor-element elementor-element-992214d elementor-section-boxed elementor-section-height-default elementor-section-height-default\" data-id=\"992214d\" data-element_type=\"section\" data-e-type=\"section\">\n\t\t\t\t\t\t<div class=\"elementor-container elementor-column-gap-default\">\n\t\t\t\t\t<div class=\"elementor-column elementor-col-100 elementor-top-column elementor-element elementor-element-5a9b26c0\" data-id=\"5a9b26c0\" data-element_type=\"column\" data-e-type=\"column\">\n\t\t\t<div class=\"elementor-widget-wrap elementor-element-populated\">\n\t\t\t\t\t\t<div class=\"elementor-element elementor-element-3934af0 elementor-widget elementor-widget-text-editor\" data-id=\"3934af0\" data-element_type=\"widget\" data-e-type=\"widget\" data-widget_type=\"text-editor.default\">\n\t\t\t\t\t\t\t\t\t<p><\/p>\t\t\t\t\t\t\t\t<\/div>\n\t\t\t\t\t<\/div>\n\t\t<\/div>\n\t\t\t\t\t<\/div>\n\t\t<\/section>\n\t\t\t\t<section class=\"elementor-section elementor-top-section elementor-element elementor-element-7294654 elementor-section-boxed elementor-section-height-default elementor-section-height-default\" data-id=\"7294654\" data-element_type=\"section\" data-e-type=\"section\">\n\t\t\t\t\t\t<div class=\"elementor-container elementor-column-gap-default\">\n\t\t\t\t\t<div class=\"elementor-column elementor-col-100 elementor-top-column elementor-element elementor-element-05d9208\" data-id=\"05d9208\" data-element_type=\"column\" data-e-type=\"column\">\n\t\t\t<div class=\"elementor-widget-wrap elementor-element-populated\">\n\t\t\t\t\t\t<div class=\"elementor-element elementor-element-c8a78cd elementor-widget elementor-widget-spacer\" data-id=\"c8a78cd\" data-element_type=\"widget\" data-e-type=\"widget\" data-widget_type=\"spacer.default\">\n\t\t\t\t\t\t\t<div class=\"elementor-spacer\">\n\t\t\t<div class=\"elementor-spacer-inner\"><\/div>\n\t\t<\/div>\n\t\t\t\t\t\t<\/div>\n\t\t\t\t<div class=\"elementor-element elementor-element-697ba30 elementor-widget-divider--separator-type-pattern elementor-widget-divider--no-spacing elementor-widget-divider--view-line elementor-widget elementor-widget-divider\" data-id=\"697ba30\" data-element_type=\"widget\" data-e-type=\"widget\" data-widget_type=\"divider.default\">\n\t\t\t\t\t\t\t<div class=\"elementor-divider\" style=\"--divider-pattern-url: url(&quot;data:image\/svg+xml,%3Csvg xmlns=&#039;http:\/\/www.w3.org\/2000\/svg&#039; preserveAspectRatio=&#039;xMidYMid meet&#039; overflow=&#039;visible&#039; height=&#039;100%&#039; viewBox=&#039;0 0 121 26&#039; fill=&#039;black&#039; stroke=&#039;none&#039;%3E%3Cpath d=&#039;M29.6,10.3l2.1,2.2l-3.6,3.3h7v2.9h-7l3.6,3.5l-2.1,1.7l-5.2-5.2h-5.8v-2.9h5.8L29.6,10.3z M70.9,9.6l2.1,1.7l-3.6,3.5h7v2.9h-7l3.6,3.3l-2.1,2.2l-5.2-5.5h-5.8v-2.9h5.8L70.9,9.6z M111.5,9.6l2.1,1.7l-3.6,3.5h7v2.9h-7l3.6,3.3l-2.1,2.2l-5.2-5.5h-5.8v-2.9h5.8L111.5,9.6z M50.2,2.7l2.1,1.7l-3.6,3.5h7v2.9h-7l3.6,3.3l-2.1,2.2L45,10.7h-5.8V7.9H45L50.2,2.7z M11,2l2.1,1.7L9.6,7.2h7V10h-7l3.6,3.3L11,15.5L5.8,10H0V7.2h5.8L11,2z M91.5,2l2.1,2.2l-3.6,3.3h7v2.9h-7l3.6,3.5l-2.1,1.7l-5.2-5.2h-5.8V7.5h5.8L91.5,2z&#039;\/%3E%3C\/svg%3E&quot;);\">\n\t\t\t<span class=\"elementor-divider-separator\">\n\t\t\t\t\t\t<\/span>\n\t\t<\/div>\n\t\t\t\t\t\t<\/div>\n\t\t\t\t<div class=\"elementor-element elementor-element-9437a6d elementor-widget elementor-widget-text-editor\" data-id=\"9437a6d\" data-element_type=\"widget\" data-e-type=\"widget\" data-widget_type=\"text-editor.default\">\n\t\t\t\t\t\t\t\t\t<h2 style=\"text-align: center;\"><span style=\"color: #a87dd4;\">Prochains Stages 2025<br \/><\/span><\/h2>\t\t\t\t\t\t\t\t<\/div>\n\t\t\t\t<div class=\"elementor-element elementor-element-aa98eb9 elementor-widget-divider--separator-type-pattern elementor-widget-divider--no-spacing elementor-widget-divider--view-line elementor-widget elementor-widget-divider\" data-id=\"aa98eb9\" data-element_type=\"widget\" data-e-type=\"widget\" data-widget_type=\"divider.default\">\n\t\t\t\t\t\t\t<div class=\"elementor-divider\" style=\"--divider-pattern-url: url(&quot;data:image\/svg+xml,%3Csvg xmlns=&#039;http:\/\/www.w3.org\/2000\/svg&#039; preserveAspectRatio=&#039;xMidYMid meet&#039; overflow=&#039;visible&#039; height=&#039;100%&#039; viewBox=&#039;0 0 121 26&#039; fill=&#039;black&#039; stroke=&#039;none&#039;%3E%3Cpath d=&#039;M29.6,10.3l2.1,2.2l-3.6,3.3h7v2.9h-7l3.6,3.5l-2.1,1.7l-5.2-5.2h-5.8v-2.9h5.8L29.6,10.3z M70.9,9.6l2.1,1.7l-3.6,3.5h7v2.9h-7l3.6,3.3l-2.1,2.2l-5.2-5.5h-5.8v-2.9h5.8L70.9,9.6z M111.5,9.6l2.1,1.7l-3.6,3.5h7v2.9h-7l3.6,3.3l-2.1,2.2l-5.2-5.5h-5.8v-2.9h5.8L111.5,9.6z M50.2,2.7l2.1,1.7l-3.6,3.5h7v2.9h-7l3.6,3.3l-2.1,2.2L45,10.7h-5.8V7.9H45L50.2,2.7z M11,2l2.1,1.7L9.6,7.2h7V10h-7l3.6,3.3L11,15.5L5.8,10H0V7.2h5.8L11,2z M91.5,2l2.1,2.2l-3.6,3.3h7v2.9h-7l3.6,3.5l-2.1,1.7l-5.2-5.2h-5.8V7.5h5.8L91.5,2z&#039;\/%3E%3C\/svg%3E&quot;);\">\n\t\t\t<span class=\"elementor-divider-separator\">\n\t\t\t\t\t\t<\/span>\n\t\t<\/div>\n\t\t\t\t\t\t<\/div>\n\t\t\t\t<div class=\"elementor-element elementor-element-d0dcdcf elementor-widget-divider--view-line elementor-widget elementor-widget-divider\" data-id=\"d0dcdcf\" data-element_type=\"widget\" data-e-type=\"widget\" data-widget_type=\"divider.default\">\n\t\t\t\t\t\t\t<div class=\"elementor-divider\">\n\t\t\t<span class=\"elementor-divider-separator\">\n\t\t\t\t\t\t<\/span>\n\t\t<\/div>\n\t\t\t\t\t\t<\/div>\n\t\t\t\t<div class=\"elementor-element elementor-element-1516515 elementor-widget elementor-widget-image\" data-id=\"1516515\" data-element_type=\"widget\" data-e-type=\"widget\" data-widget_type=\"image.default\">\n\t\t\t\t\t\t\t\t\t\t\t\t\t\t\t<img fetchpriority=\"high\" decoding=\"async\" width=\"1080\" height=\"1350\" src=\"https:\/\/connexion-animale.com\/wp-content\/uploads\/2025\/10\/Stage-CA-distanciel-nouveau-format.png\" class=\"attachment-medium size-medium wp-image-2186\" alt=\"\" \/>\t\t\t\t\t\t\t\t\t\t\t\t\t\t\t<\/div>\n\t\t\t\t<div class=\"elementor-element elementor-element-34bed94 elementor-widget elementor-widget-text-editor\" data-id=\"34bed94\" data-element_type=\"widget\" data-e-type=\"widget\" data-widget_type=\"text-editor.default\">\n\t\t\t\t\t\t\t\t\t<p style=\"text-align: center;\">\u00a0<\/p><p style=\"text-align: center;\"><span dir=\"auto\" style=\"color: #333333;\"><span dir=\"auto\">Le <span style=\"color: #800080;\">samedi 6 d\u00e9cembre,\u00a0 <\/span><\/span><\/span><span style=\"color: #333333;\">vous permettra de retrouver la voie vers votre potentiel intuitif.<\/span><\/p><p style=\"text-align: center;\"><span style=\"color: #333333;\">Je vous transmettrai diff\u00e9rentes mani\u00e8res de faire pour recevoir et \u00e0 envoyer des messages \u00e0 vos animaux.<\/span><span dir=\"auto\" style=\"color: #333333;\"><span dir=\"auto\"> Vous comprendrez aussi comment la relation \u00e0 votre animal peut \u00eatre une clef dans votre \u00e9volution personnelle. Lors de la formation, une communication sera effectu\u00e9e avec votre animal de ma part et de celle des autres participants. <strong>Plus que 3 places<br \/><\/strong><\/span><\/span><\/p><div style=\"text-align: center;\"><div dir=\"auto\" style=\"text-align: start;\"><div><div dir=\"auto\" style=\"text-align: center;\"><span style=\"color: #333333;\">Le groupe est compos\u00e9 de maximum 8 personnes pour permettre \u00e0 chacun d&rsquo;avoir la place de s&rsquo;exprimer et de pouvoir \u00eatre aid\u00e9 en cas de blocage.<\/span><\/div><div dir=\"auto\" style=\"text-align: center;\"><span style=\"color: #333333;\">J&rsquo;ai \u00e0 c\u0153ur de m&rsquo;adapter \u00e0 la personnalit\u00e9 de chacun.e afin de vous permettre de trouver votre propre voie.<\/span><\/div><\/div><div><div dir=\"auto\" style=\"text-align: center;\"><span style=\"color: #333333;\">Suite au stage, je vous propose des photos de mes animaux pour pouvoir continuer \u00e0 pratiquer (et ils sont de bons conseils ^^) et j&rsquo;ai \u00e9galement un groupe de pratique sur FB.<\/span><\/div><div dir=\"auto\" style=\"text-align: center;\"><span style=\"color: #333333;\">\u00a0<\/span><\/div><div dir=\"auto\" style=\"text-align: center;\"><span style=\"color: #993366;\"><em><span style=\"font-size: small;\">Pour info, cela sera probablement le dernier stage d&rsquo;initiation que j&rsquo;animerai. Je vais bient\u00f4t proposer d&rsquo;autres types de formats notamment des accompagnements individuels sur mesure pour vous soutenir dans le d\u00e9veloppement de vos ressentis intuitifs et dans l&rsquo;\u00e9mergence de ce que vous souhaitez faire na\u00eetre dans votre vie. Si cela vous parle, n&rsquo;h\u00e9sitez pas \u00e0 me solliciter pour en savoir plus.<\/span><\/em><\/span><\/div><div dir=\"auto\" style=\"text-align: start;\">\u00a0<\/div><\/div><\/div><\/div><p style=\"text-align: center;\"><em><span style=\"color: #333333;\">Plus d&rsquo;informations au sujet de ce stage en<span style=\"color: #ff9900;\"><a style=\"color: #ff9900;\" href=\"http:\/\/connexion-animale.com\/wp-content\/uploads\/2022\/01\/Presentation-stage-introduction-a-la-CA.png\"> cliquant ici<\/a><\/span> ou en me contactant<\/span><\/em><\/p>\t\t\t\t\t\t\t\t<\/div>\n\t\t\t\t<div class=\"elementor-element elementor-element-1eb2899 elementor-widget-divider--separator-type-pattern elementor-widget-divider--no-spacing elementor-widget-divider--view-line elementor-widget elementor-widget-divider\" data-id=\"1eb2899\" data-element_type=\"widget\" data-e-type=\"widget\" data-widget_type=\"divider.default\">\n\t\t\t\t\t\t\t<div class=\"elementor-divider\" style=\"--divider-pattern-url: url(&quot;data:image\/svg+xml,%3Csvg xmlns=&#039;http:\/\/www.w3.org\/2000\/svg&#039; preserveAspectRatio=&#039;xMidYMid meet&#039; overflow=&#039;visible&#039; height=&#039;100%&#039; viewBox=&#039;0 0 121 26&#039; fill=&#039;black&#039; stroke=&#039;none&#039;%3E%3Cpath d=&#039;M29.6,10.3l2.1,2.2l-3.6,3.3h7v2.9h-7l3.6,3.5l-2.1,1.7l-5.2-5.2h-5.8v-2.9h5.8L29.6,10.3z M70.9,9.6l2.1,1.7l-3.6,3.5h7v2.9h-7l3.6,3.3l-2.1,2.2l-5.2-5.5h-5.8v-2.9h5.8L70.9,9.6z M111.5,9.6l2.1,1.7l-3.6,3.5h7v2.9h-7l3.6,3.3l-2.1,2.2l-5.2-5.5h-5.8v-2.9h5.8L111.5,9.6z M50.2,2.7l2.1,1.7l-3.6,3.5h7v2.9h-7l3.6,3.3l-2.1,2.2L45,10.7h-5.8V7.9H45L50.2,2.7z M11,2l2.1,1.7L9.6,7.2h7V10h-7l3.6,3.3L11,15.5L5.8,10H0V7.2h5.8L11,2z M91.5,2l2.1,2.2l-3.6,3.3h7v2.9h-7l3.6,3.5l-2.1,1.7l-5.2-5.2h-5.8V7.5h5.8L91.5,2z&#039;\/%3E%3C\/svg%3E&quot;);\">\n\t\t\t<span class=\"elementor-divider-separator\">\n\t\t\t\t\t\t<\/span>\n\t\t<\/div>\n\t\t\t\t\t\t<\/div>\n\t\t\t\t\t<\/div>\n\t\t<\/div>\n\t\t\t\t\t<\/div>\n\t\t<\/section>\n\t\t\t\t<section class=\"elementor-section elementor-top-section elementor-element elementor-element-0f029bc elementor-section-boxed elementor-section-height-default elementor-section-height-default\" data-id=\"0f029bc\" data-element_type=\"section\" data-e-type=\"section\">\n\t\t\t\t\t\t<div class=\"elementor-container elementor-column-gap-default\">\n\t\t\t\t\t<div class=\"elementor-column elementor-col-100 elementor-top-column elementor-element elementor-element-1cd0ace\" data-id=\"1cd0ace\" data-element_type=\"column\" data-e-type=\"column\">\n\t\t\t<div class=\"elementor-widget-wrap elementor-element-populated\">\n\t\t\t\t\t\t<div class=\"elementor-element elementor-element-a1d7c8c elementor-widget elementor-widget-heading\" data-id=\"a1d7c8c\" data-element_type=\"widget\" data-e-type=\"widget\" data-widget_type=\"heading.default\">\n\t\t\t\t\t<h2 class=\"elementor-heading-title elementor-size-medium\">Ils ont d\u00e9j\u00e0 eu lieu<\/h2>\t\t\t\t<\/div>\n\t\t\t\t\t<\/div>\n\t\t<\/div>\n\t\t\t\t\t<\/div>\n\t\t<\/section>\n\t\t\t\t<section class=\"elementor-section elementor-top-section elementor-element elementor-element-60e375a elementor-section-boxed elementor-section-height-default elementor-section-height-default\" data-id=\"60e375a\" data-element_type=\"section\" data-e-type=\"section\">\n\t\t\t\t\t\t<div class=\"elementor-container elementor-column-gap-default\">\n\t\t\t\t\t<div class=\"elementor-column elementor-col-100 elementor-top-column elementor-element elementor-element-2069654\" data-id=\"2069654\" data-element_type=\"column\" data-e-type=\"column\">\n\t\t\t<div class=\"elementor-widget-wrap elementor-element-populated\">\n\t\t\t\t\t\t<div class=\"elementor-element elementor-element-ee2e9c5 elementor-widget elementor-widget-text-editor\" data-id=\"ee2e9c5\" data-element_type=\"widget\" data-e-type=\"widget\" data-widget_type=\"text-editor.default\">\n\t\t\t\t\t\t\t\t\t<p><strong>Le 22 septembre 2024: <\/strong><em>\u00ab\u00a0Votre animal et vous: Exp\u00e9rimentez une rencontre sans attentes\u00a0\u00bb<\/em> en Is\u00e8re, SAINT-APPOLINARD (38)<strong><br \/><\/strong><\/p>\n<p><strong>Le 16 juin 2024:<\/strong> <em>\u00ab\u00a0Initiation \u00e0 la communication intuitive\u00a0\u00bb<\/em> &#8211; en DISTANCIEL<\/p>\n<p><strong>Le 18 mai 2024:<\/strong> <em>\u00ab\u00a0Initiation \u00e0 la communication animale\u00a0\u00bb<\/em> dans l&rsquo;H\u00e9rault, BOUSSAGUES (34)<\/p>\n<p><strong>Le 20 avril 2024 :<\/strong> \u00ab\u00a0<em>Communiquer avec les animaux sauvages et la nature\u00a0\u00bb<\/em> en Is\u00e8re, SAINT-APPOLINARD (38)<\/p>\n<p><strong>Le 3 juin 2023: <\/strong><em>\u00ab\u00a0Introduction \u00e0 la communication intuitive avec les animaux\u00a0\u00bb<\/em> en Is\u00e8re,\u00a0 SAINT-APPOLINARD (38)<\/p>\n<p><strong>Le 13 mai 2023 :<\/strong> \u00ab\u00a0<em> A la rencontre des animaux qui vous font peur\u00a0\u00bb &#8211; <\/em>en DISTANCIEL<strong><br \/><\/strong><\/p>\n<p><strong>Le 15 avril 2023:<\/strong> <em>\u00ab\u00a0Initiation \u00e0 la communication intuitive\u00a0\u00bb<\/em> &#8211; en DISTANCIEL<\/p>\n<p><strong>Le 4 mars 2023:<\/strong> <em>\u00ab\u00a0Stage de pratique en communication intuitive\u00a0\u00bb<\/em> &#8211; en DISTANCIEL<\/p>\n<p><strong>Le 4 f\u00e9vrier 2023:<\/strong> <em>\u00ab\u00a0Initiation \u00e0 la communication intuitive\u00a0\u00bb<\/em> &#8211; en DISTANCIEL<\/p>\n<p><strong>Le 3 d\u00e9cembre 2022:<\/strong> <em>\u00ab\u00a0Initiation \u00e0 la communication intuitive\u00a0\u00bb<\/em> &#8211; en DISTANCIEL<\/p>\n<p><strong>Le 19 novembre 2022:<\/strong> <em>\u00ab\u00a0Accompagnement fin de vie et communication avec les animaux d\u00e9funts\u00a0\u00bb<\/em>&#8211; en DISTANCIEL<\/p>\n<p><strong>Les 3 et 4 septembre:<\/strong> <em>\u00ab\u00a0Retrouvez le langage intuitif avec les animaux et la nature\u00a0\u00bb<\/em>, en Bretagne, SAINT-AUBIN DU CORMIER (35)<\/p>\n<p><strong>Du 3 au 5 juin: <\/strong><i>\u00ab\u00a0Connexion et Ecoute de la nature\u00a0\u00bb<\/i> en collaboration avec Camille Fraissard (ornithologue et mammalogue), en H\u00e9rault, DIO-ET-VALQUIERES (34)<strong><br \/><\/strong><\/p>\n<p><strong>Les 28 et 29 mai 2022: <\/strong>\u00ab\u00a0A la rencontre des<i> arbres: un pont entre ciel et terre\u00a0\u00bb<\/i> en collaboration avec Alison Drancourt (sylvoth\u00e9rapeute, naturopathe) en Ari\u00e8ge, ST CROIX-VOLVESTRE (09)<strong><br \/><\/strong><\/p>\n<p><strong>Le 1er mai 2022: <\/strong><i>\u00ab\u00a0A la rencontre de votre \u00e9nergie animale\u00a0\u00bb<\/i>, en Is\u00e8re, SAINT-APPOLINARD (38)<strong><br \/><\/strong><\/p>\n<p><strong>Le 30 avril 2022: <\/strong><em>\u00ab\u00a0Introduction \u00e0 la communication intuitive avec les animaux\u00a0\u00bb<\/em> en Is\u00e8re,<span style=\"font-size: 12.0pt;\">\u00a0 SAINT-APPOLINARD (38)<\/span><\/p>\n<p><strong>Les 14 et 15 avril 2022:<\/strong> <i>\u00ab\u00a0Apprentissage de la communication avec les animaux\u00a0\u00bb<\/i> pour les enfants &#8211; en Bretagne, SAINT-AUBIN DU CORMIER (35<strong>)<br \/><\/strong><\/p>\n<p>\u00a0<\/p>\n<p>J&rsquo;anime des stages depuis 2014, n&rsquo;h\u00e9sitez pas \u00e0 me contacter si un th\u00e8me vous int\u00e9resse. Je propose \u00e9galement des accompagnements individuels sur mesure.<\/p>\n<p>\u00a0<\/p>\t\t\t\t\t\t\t\t<\/div>\n\t\t\t\t\t<\/div>\n\t\t<\/div>\n\t\t\t\t\t<\/div>\n\t\t<\/section>\n\t\t\t\t<\/div>\n\t\t","protected":false},"excerpt":{"rendered":"<p>Prochains Stages 2025 \u00a0 Le samedi 6 d\u00e9cembre,\u00a0 vous permettra de retrouver la voie vers votre potentiel intuitif. Je vous transmettrai diff\u00e9rentes mani\u00e8res de faire pour recevoir et \u00e0 envoyer des messages \u00e0 vos animaux. Vous comprendrez aussi comment la relation \u00e0 votre animal peut \u00eatre une clef dans votre \u00e9volution personnelle. Lors de la formation, une communication sera effectu\u00e9e avec votre animal de ma part et de celle des autres participants. Plus que 3 places Le groupe est compos\u00e9 de maximum 8 personnes pour permettre \u00e0 chacun d&rsquo;avoir la place de s&rsquo;exprimer et de pouvoir \u00eatre aid\u00e9 en cas de blocage.J&rsquo;ai \u00e0 c\u0153ur de m&rsquo;adapter \u00e0 la personnalit\u00e9 de chacun.e afin de vous permettre de trouver votre propre voie.Suite au stage, je vous propose des photos de mes animaux pour pouvoir continuer \u00e0 pratiquer (et ils sont de bons conseils ^^) et j&rsquo;ai \u00e9galement un groupe de pratique sur FB.\u00a0Pour info, cela sera probablement le dernier stage d&rsquo;initiation que j&rsquo;animerai. Je vais bient\u00f4t proposer d&rsquo;autres types de formats notamment des accompagnements individuels sur mesure pour vous soutenir dans le d\u00e9veloppement de vos ressentis intuitifs et dans l&rsquo;\u00e9mergence de ce que vous souhaitez faire na\u00eetre dans votre vie. Si cela vous parle, n&rsquo;h\u00e9sitez pas \u00e0 me solliciter pour en savoir plus.\u00a0 Plus d&rsquo;informations au sujet de ce stage en cliquant ici ou en me contactant Ils ont d\u00e9j\u00e0 eu lieu Le 22 septembre 2024: \u00ab\u00a0Votre animal et vous: Exp\u00e9rimentez une rencontre sans attentes\u00a0\u00bb en Is\u00e8re, SAINT-APPOLINARD (38) Le 16 juin 2024: \u00ab\u00a0Initiation \u00e0 la communication intuitive\u00a0\u00bb &#8211; en DISTANCIEL Le 18 mai 2024: \u00ab\u00a0Initiation \u00e0 la communication animale\u00a0\u00bb dans l&rsquo;H\u00e9rault, BOUSSAGUES (34) Le 20 avril 2024 : \u00ab\u00a0Communiquer avec les animaux sauvages et la nature\u00a0\u00bb en Is\u00e8re, SAINT-APPOLINARD (38) Le 3 juin 2023: \u00ab\u00a0Introduction \u00e0 la communication intuitive avec les animaux\u00a0\u00bb en Is\u00e8re,\u00a0 SAINT-APPOLINARD (38) Le 13 mai 2023 : \u00ab\u00a0 A la rencontre des animaux qui vous font peur\u00a0\u00bb &#8211; en DISTANCIEL Le 15 avril 2023: \u00ab\u00a0Initiation \u00e0 la communication intuitive\u00a0\u00bb &#8211; en DISTANCIEL Le 4 mars 2023: \u00ab\u00a0Stage de pratique en communication intuitive\u00a0\u00bb &#8211; en DISTANCIEL Le 4 f\u00e9vrier 2023: \u00ab\u00a0Initiation \u00e0 la communication intuitive\u00a0\u00bb &#8211; en DISTANCIEL Le 3 d\u00e9cembre 2022: \u00ab\u00a0Initiation \u00e0 la communication intuitive\u00a0\u00bb &#8211; en DISTANCIEL Le 19 novembre 2022: \u00ab\u00a0Accompagnement fin de vie et communication avec les animaux d\u00e9funts\u00a0\u00bb&#8211; en DISTANCIEL Les 3 et 4 septembre: \u00ab\u00a0Retrouvez le langage intuitif avec les animaux et la nature\u00a0\u00bb, en Bretagne, SAINT-AUBIN DU CORMIER (35) Du 3 au 5 juin: \u00ab\u00a0Connexion et Ecoute de la nature\u00a0\u00bb en collaboration avec Camille Fraissard (ornithologue et mammalogue), en H\u00e9rault, DIO-ET-VALQUIERES (34) Les 28 et 29 mai 2022: \u00ab\u00a0A la rencontre des arbres: un pont entre ciel et terre\u00a0\u00bb en collaboration avec Alison Drancourt (sylvoth\u00e9rapeute, naturopathe) en Ari\u00e8ge, ST CROIX-VOLVESTRE (09) Le 1er mai 2022: \u00ab\u00a0A la rencontre de votre \u00e9nergie animale\u00a0\u00bb, en Is\u00e8re, SAINT-APPOLINARD (38) Le 30 avril 2022: \u00ab\u00a0Introduction \u00e0 la communication intuitive avec les animaux\u00a0\u00bb en Is\u00e8re,\u00a0 SAINT-APPOLINARD (38) Les 14 et 15 avril 2022: \u00ab\u00a0Apprentissage de la communication avec les animaux\u00a0\u00bb pour les enfants &#8211; en Bretagne, SAINT-AUBIN DU CORMIER (35) \u00a0 J&rsquo;anime des stages depuis 2014, n&rsquo;h\u00e9sitez pas \u00e0 me contacter si un th\u00e8me vous int\u00e9resse. Je propose \u00e9galement des accompagnements individuels sur mesure. \u00a0<\/p>\n","protected":false},"author":1,"featured_media":0,"parent":0,"menu_order":0,"comment_status":"closed","ping_status":"closed","template":"","meta":{"footnotes":""},"class_list":["post-1296","page","type-page","status-publish","hentry"],"_links":{"self":[{"href":"https:\/\/connexion-animale.com\/index.php?rest_route=\/wp\/v2\/pages\/1296","targetHints":{"allow":["GET"]}}],"collection":[{"href":"https:\/\/connexion-animale.com\/index.php?rest_route=\/wp\/v2\/pages"}],"about":[{"href":"https:\/\/connexion-animale.com\/index.php?rest_route=\/wp\/v2\/types\/page"}],"author":[{"embeddable":true,"href":"https:\/\/connexion-animale.com\/index.php?rest_route=\/wp\/v2\/users\/1"}],"replies":[{"embeddable":true,"href":"https:\/\/connexion-animale.com\/index.php?rest_route=%2Fwp%2Fv2%2Fcomments&post=1296"}],"version-history":[{"count":5,"href":"https:\/\/connexion-animale.com\/index.php?rest_route=\/wp\/v2\/pages\/1296\/revisions"}],"predecessor-version":[{"id":2189,"href":"https:\/\/connexion-animale.com\/index.php?rest_route=\/wp\/v2\/pages\/1296\/revisions\/2189"}],"wp:attachment":[{"href":"https:\/\/connexion-animale.com\/index.php?rest_route=%2Fwp%2Fv2%2Fmedia&parent=1296"}],"curies":[{"name":"wp","href":"https:\/\/api.w.org\/{rel}","templated":true}]}}