{"id":1453,"date":"2022-04-26T20:10:11","date_gmt":"2022-04-26T18:10:11","guid":{"rendered":"http:\/\/connexion-animale.com\/?page_id=1453"},"modified":"2025-10-21T17:27:26","modified_gmt":"2025-10-21T15:27:26","slug":"soin-energetique","status":"publish","type":"page","link":"https:\/\/connexion-animale.com\/?page_id=1453","title":{"rendered":"Soin \u00e9nerg\u00e9tique"},"content":{"rendered":"\t\t<div data-elementor-type=\"wp-page\" data-elementor-id=\"1453\" class=\"elementor elementor-1453\">\n\t\t\t\t\t\t<section class=\"elementor-section elementor-top-section elementor-element elementor-element-7093730c elementor-section-boxed elementor-section-height-default elementor-section-height-default\" data-id=\"7093730c\" data-element_type=\"section\" data-e-type=\"section\">\n\t\t\t\t\t\t<div class=\"elementor-container elementor-column-gap-default\">\n\t\t\t\t\t<div class=\"elementor-column elementor-col-100 elementor-top-column elementor-element elementor-element-190d47cc\" data-id=\"190d47cc\" data-element_type=\"column\" data-e-type=\"column\">\n\t\t\t<div class=\"elementor-widget-wrap elementor-element-populated\">\n\t\t\t\t\t\t<div class=\"elementor-element elementor-element-4384d748 elementor-widget elementor-widget-text-editor\" data-id=\"4384d748\" data-element_type=\"widget\" data-e-type=\"widget\" data-widget_type=\"text-editor.default\">\n\t\t\t\t\t\t\t\t\t<p>Depuis maintenant 5 ans, je pratique des soins \u00e9nerg\u00e9tiques pour les animaux qui peuvent \u00eatre un bon compl\u00e9ment aux communications.<\/p>\n<p><!-- \/wp:paragraph --><!-- wp:paragraph --><\/p>\n<p>Bien que je sois form\u00e9e au Reiki, ce que je propose est tout \u00e0 fait autre chose \ud83d\ude09<\/p>\n<p><!-- \/wp:paragraph --><!-- wp:paragraph --><\/p>\n<p>Je n&rsquo;ai pas une pratique particuli\u00e8re, je me laisse guid\u00e9e par ce que je ressens de l&rsquo;animal et je me laisse traverser par l&rsquo;\u00e9nergie. Je peux tousser, \u00e9mettre des sons, souffler, etc afin de lib\u00e9rer l&rsquo;animal. Je suis comme un canal, je d\u00e9cristallise ce qui est engramm\u00e9 cellulairement chez l&rsquo;individu (peurs, trauma, etc).<\/p>\n<p class=\"cvGsUA direction-ltr align-center para-style-body\"><span class=\"OYPEnA text-decoration-none text-strikethrough-none\">Chaque soin est diff\u00e9rent et va agir \u00e0 diff\u00e9rents niveaux:<\/span><\/p>\n<ul>\n<li><span class=\"OYPEnA text-decoration-none text-strikethrough-none\"><span style=\"text-decoration: underline;\">au niveau physique:<\/span> apaisement des douleurs<\/span> <span class=\"OYPEnA text-decoration-none text-strikethrough-none\">et acc\u00e9l\u00e9ration du r\u00e9tablissement<\/span><\/li>\n<li><span class=\"OYPEnA text-decoration-none text-strikethrough-none\"><span style=\"text-decoration: underline;\">au niveau \u00e9motionnel:<\/span> accompagne l\u2019animal dans les p\u00e9riodes de stress (changements, fin de vie, maladie, etc), calme les anxi\u00e9t\u00e9s<\/span><\/li>\n<li><span class=\"OYPEnA text-decoration-none text-strikethrough-none\"><span style=\"text-decoration: underline;\">au niveau \u00e9nerg\u00e9tique:<\/span> d\u00e9cristalise les peurs et m\u00e9moires traumatiques dont le corps est inform\u00e9<\/span><\/li>\n<li><span class=\"OYPEnA text-decoration-none text-strikethrough-none\"><span style=\"text-decoration: underline;\">au niveau karmique:<\/span> lib\u00e8re des liens toxiques et apaise les blessures de l\u2019\u00e2me<\/span><\/li>\n<\/ul>\n<p><!-- \/wp:paragraph --><!-- wp:paragraph --><\/p>\n<p>Je vous laisse jeter un \u0153il \u00e0 la pr\u00e9sentation ci-dessous pour en savoir plus.<\/p>\n<p><!-- \/wp:paragraph --><!-- wp:paragraph --><\/p>\n<p>Le prix d&rsquo;un soin est de <strong>60 euros.<\/strong> Une fois r\u00e9alis\u00e9, je vous fais un compte-rendu soit par t\u00e9l\u00e9phone soit par vocaux si vous avez whatsapp\/signal. Les effets sont g\u00e9n\u00e9ralement imm\u00e9diats mais le soin travaille sur 21 jours.<\/p>\n<p>Il faut compter environ une semaine de d\u00e9lai pour un soin seul sauf urgence.<\/p>\n<p>Dans le cas d&rsquo;une urgence, n&rsquo;h\u00e9sitez pas \u00e0 me contacter par t\u00e9l\u00e9phone afin que je m&rsquo;en occupe dans les plus bref d\u00e9lais.<\/p>\n<p style=\"text-align: center;\"><strong><em>Un soin \u00e9nerg\u00e9tique ne remplace par une prise en charge par un v\u00e9t\u00e9rinaire. Si vous remarquez un changement de comportement chez votre animal ou des signes de douleurs, il est imp\u00e9ratif de l&rsquo;amener voir un v\u00e9t\u00e9rinaire. Un soin \u00e9nerg\u00e9tique peut \u00eatre un compl\u00e9ment \u00e0 la m\u00e9decine allopathique. L&rsquo;id\u00e9e est d&rsquo;allier les deux afin de r\u00e9pondre \u00e0 tous les besoins de l&rsquo;animal.<\/em><\/strong><\/p>\n<p><!-- \/wp:paragraph --><\/p>\t\t\t\t\t\t\t\t<\/div>\n\t\t\t\t\t<\/div>\n\t\t<\/div>\n\t\t\t\t\t<\/div>\n\t\t<\/section>\n\t\t\t\t<section class=\"elementor-section elementor-top-section elementor-element elementor-element-f3e3fbc elementor-section-boxed elementor-section-height-default elementor-section-height-default\" data-id=\"f3e3fbc\" data-element_type=\"section\" data-e-type=\"section\">\n\t\t\t\t\t\t<div class=\"elementor-container elementor-column-gap-default\">\n\t\t\t\t\t<div class=\"elementor-column elementor-col-100 elementor-top-column elementor-element elementor-element-418ed57\" data-id=\"418ed57\" data-element_type=\"column\" data-e-type=\"column\">\n\t\t\t<div class=\"elementor-widget-wrap elementor-element-populated\">\n\t\t\t\t\t\t<div class=\"elementor-element elementor-element-69a7701 elementor-arrows-position-inside elementor-pagination-position-outside elementor-widget elementor-widget-image-carousel\" data-id=\"69a7701\" data-element_type=\"widget\" data-e-type=\"widget\" data-settings=\"{&quot;slides_to_show&quot;:&quot;1&quot;,&quot;navigation&quot;:&quot;both&quot;,&quot;autoplay&quot;:&quot;yes&quot;,&quot;pause_on_hover&quot;:&quot;yes&quot;,&quot;pause_on_interaction&quot;:&quot;yes&quot;,&quot;autoplay_speed&quot;:5000,&quot;infinite&quot;:&quot;yes&quot;,&quot;effect&quot;:&quot;slide&quot;,&quot;speed&quot;:500}\" data-widget_type=\"image-carousel.default\">\n\t\t\t\t\t\t\t<div class=\"elementor-image-carousel-wrapper swiper\" role=\"region\" aria-roledescription=\"carousel\" aria-label=\"Carrousel d\u2019images\" dir=\"ltr\">\n\t\t\t<div class=\"elementor-image-carousel swiper-wrapper\" aria-live=\"off\">\n\t\t\t\t\t\t\t\t<div class=\"swiper-slide\" role=\"group\" aria-roledescription=\"slide\" aria-label=\"1 sur 10\"><figure class=\"swiper-slide-inner\"><img decoding=\"async\" class=\"swiper-slide-image\" src=\"https:\/\/connexion-animale.com\/wp-content\/uploads\/2025\/08\/Pourquoi-soin-insta-768x768-1.png\" alt=\"Pourquoi-soin-insta-768x768\" \/><\/figure><\/div><div class=\"swiper-slide\" role=\"group\" aria-roledescription=\"slide\" aria-label=\"2 sur 10\"><figure class=\"swiper-slide-inner\"><img decoding=\"async\" class=\"swiper-slide-image\" src=\"https:\/\/connexion-animale.com\/wp-content\/uploads\/2025\/08\/Pourquoi-soin-insta1-768x768-1.png\" alt=\"Pourquoi-soin-insta1-768x768\" \/><\/figure><\/div><div class=\"swiper-slide\" role=\"group\" aria-roledescription=\"slide\" aria-label=\"3 sur 10\"><figure class=\"swiper-slide-inner\"><img decoding=\"async\" class=\"swiper-slide-image\" src=\"https:\/\/connexion-animale.com\/wp-content\/uploads\/2025\/08\/Pourquoi-soin-insta2-768x768-1.png\" alt=\"Pourquoi-soin-insta2-768x768\" \/><\/figure><\/div><div class=\"swiper-slide\" role=\"group\" aria-roledescription=\"slide\" aria-label=\"4 sur 10\"><figure class=\"swiper-slide-inner\"><img decoding=\"async\" class=\"swiper-slide-image\" src=\"https:\/\/connexion-animale.com\/wp-content\/uploads\/2025\/08\/Pourquoi-soin-insta4-768x768-1.png\" alt=\"Pourquoi-soin-insta4-768x768\" \/><\/figure><\/div><div class=\"swiper-slide\" role=\"group\" aria-roledescription=\"slide\" aria-label=\"5 sur 10\"><figure class=\"swiper-slide-inner\"><img decoding=\"async\" class=\"swiper-slide-image\" src=\"https:\/\/connexion-animale.com\/wp-content\/uploads\/2025\/08\/Pourquoi-soin-insta3-768x768-1.png\" alt=\"Pourquoi-soin-insta3-768x768\" \/><\/figure><\/div><div class=\"swiper-slide\" role=\"group\" aria-roledescription=\"slide\" aria-label=\"6 sur 10\"><figure class=\"swiper-slide-inner\"><img decoding=\"async\" class=\"swiper-slide-image\" src=\"https:\/\/connexion-animale.com\/wp-content\/uploads\/2025\/08\/Pourquoi-soin-insta6-768x768-1.png\" alt=\"Pourquoi-soin-insta6-768x768\" \/><\/figure><\/div><div class=\"swiper-slide\" role=\"group\" aria-roledescription=\"slide\" aria-label=\"7 sur 10\"><figure class=\"swiper-slide-inner\"><img decoding=\"async\" class=\"swiper-slide-image\" src=\"https:\/\/connexion-animale.com\/wp-content\/uploads\/2025\/08\/Pourquoi-soin-insta5-768x768-1.png\" alt=\"Pourquoi-soin-insta5-768x768\" \/><\/figure><\/div><div class=\"swiper-slide\" role=\"group\" aria-roledescription=\"slide\" aria-label=\"8 sur 10\"><figure class=\"swiper-slide-inner\"><img decoding=\"async\" class=\"swiper-slide-image\" src=\"https:\/\/connexion-animale.com\/wp-content\/uploads\/2025\/08\/Pourquoi-soin-insta7-768x768-1.png\" alt=\"Pourquoi-soin-insta7-768x768\" \/><\/figure><\/div><div class=\"swiper-slide\" role=\"group\" aria-roledescription=\"slide\" aria-label=\"9 sur 10\"><figure class=\"swiper-slide-inner\"><img decoding=\"async\" class=\"swiper-slide-image\" src=\"https:\/\/connexion-animale.com\/wp-content\/uploads\/2025\/08\/Pourquoi-soin-insta8-768x768-1.png\" alt=\"Le soin est \u00e0 60 euros\" \/><\/figure><\/div><div class=\"swiper-slide\" role=\"group\" aria-roledescription=\"slide\" aria-label=\"10 sur 10\"><figure class=\"swiper-slide-inner\"><img decoding=\"async\" class=\"swiper-slide-image\" src=\"https:\/\/connexion-animale.com\/wp-content\/uploads\/2025\/08\/Pourquoi-soin-insta9-768x768-1.png\" alt=\"Pourquoi-soin-insta9-768x768\" \/><\/figure><\/div>\t\t\t<\/div>\n\t\t\t\t\t\t\t\t\t\t\t\t<div class=\"elementor-swiper-button elementor-swiper-button-prev\" role=\"button\" tabindex=\"0\">\n\t\t\t\t\t\t<svg aria-hidden=\"true\" class=\"e-font-icon-svg e-eicon-chevron-left\" viewBox=\"0 0 1000 1000\" xmlns=\"http:\/\/www.w3.org\/2000\/svg\"><path d=\"M646 125C629 125 613 133 604 142L308 442C296 454 292 471 292 487 292 504 296 521 308 533L604 854C617 867 629 875 646 875 663 875 679 871 692 858 704 846 713 829 713 812 713 796 708 779 692 767L438 487 692 225C700 217 708 204 708 187 708 171 704 154 692 142 675 129 663 125 646 125Z\"><\/path><\/svg>\t\t\t\t\t<\/div>\n\t\t\t\t\t<div class=\"elementor-swiper-button elementor-swiper-button-next\" role=\"button\" tabindex=\"0\">\n\t\t\t\t\t\t<svg aria-hidden=\"true\" class=\"e-font-icon-svg e-eicon-chevron-right\" viewBox=\"0 0 1000 1000\" xmlns=\"http:\/\/www.w3.org\/2000\/svg\"><path d=\"M696 533C708 521 713 504 713 487 713 471 708 454 696 446L400 146C388 133 375 125 354 125 338 125 325 129 313 142 300 154 292 171 292 187 292 204 296 221 308 233L563 492 304 771C292 783 288 800 288 817 288 833 296 850 308 863 321 871 338 875 354 875 371 875 388 867 400 854L696 533Z\"><\/path><\/svg>\t\t\t\t\t<\/div>\n\t\t\t\t\n\t\t\t\t\t\t\t\t\t<div class=\"swiper-pagination\"><\/div>\n\t\t\t\t\t\t\t\t\t<\/div>\n\t\t\t\t\t\t<\/div>\n\t\t\t\t\t<\/div>\n\t\t<\/div>\n\t\t\t\t\t<\/div>\n\t\t<\/section>\n\t\t\t\t<\/div>\n\t\t","protected":false},"excerpt":{"rendered":"<p>Depuis maintenant 5 ans, je pratique des soins \u00e9nerg\u00e9tiques pour les animaux qui peuvent \u00eatre un bon compl\u00e9ment aux communications. Bien que je sois form\u00e9e au Reiki, ce que je propose est tout \u00e0 fait autre chose \ud83d\ude09 Je n&rsquo;ai pas une pratique particuli\u00e8re, je me laisse guid\u00e9e par ce que je ressens de l&rsquo;animal et je me laisse traverser par l&rsquo;\u00e9nergie. Je peux tousser, \u00e9mettre des sons, souffler, etc afin de lib\u00e9rer l&rsquo;animal. Je suis comme un canal, je d\u00e9cristallise ce qui est engramm\u00e9 cellulairement chez l&rsquo;individu (peurs, trauma, etc). Chaque soin est diff\u00e9rent et va agir \u00e0 diff\u00e9rents niveaux: au niveau physique: apaisement des douleurs et acc\u00e9l\u00e9ration du r\u00e9tablissement au niveau \u00e9motionnel: accompagne l\u2019animal dans les p\u00e9riodes de stress (changements, fin de vie, maladie, etc), calme les anxi\u00e9t\u00e9s au niveau \u00e9nerg\u00e9tique: d\u00e9cristalise les peurs et m\u00e9moires traumatiques dont le corps est inform\u00e9 au niveau karmique: lib\u00e8re des liens toxiques et apaise les blessures de l\u2019\u00e2me Je vous laisse jeter un \u0153il \u00e0 la pr\u00e9sentation ci-dessous pour en savoir plus. Le prix d&rsquo;un soin est de 60 euros. Une fois r\u00e9alis\u00e9, je vous fais un compte-rendu soit par t\u00e9l\u00e9phone soit par vocaux si vous avez whatsapp\/signal. Les effets sont g\u00e9n\u00e9ralement imm\u00e9diats mais le soin travaille sur 21 jours. Il faut compter environ une semaine de d\u00e9lai pour un soin seul sauf urgence. Dans le cas d&rsquo;une urgence, n&rsquo;h\u00e9sitez pas \u00e0 me contacter par t\u00e9l\u00e9phone afin que je m&rsquo;en occupe dans les plus bref d\u00e9lais. Un soin \u00e9nerg\u00e9tique ne remplace par une prise en charge par un v\u00e9t\u00e9rinaire. Si vous remarquez un changement de comportement chez votre animal ou des signes de douleurs, il est imp\u00e9ratif de l&rsquo;amener voir un v\u00e9t\u00e9rinaire. Un soin \u00e9nerg\u00e9tique peut \u00eatre un compl\u00e9ment \u00e0 la m\u00e9decine allopathique. L&rsquo;id\u00e9e est d&rsquo;allier les deux afin de r\u00e9pondre \u00e0 tous les besoins de l&rsquo;animal.<\/p>\n","protected":false},"author":1,"featured_media":0,"parent":0,"menu_order":0,"comment_status":"closed","ping_status":"closed","template":"","meta":{"footnotes":""},"class_list":["post-1453","page","type-page","status-publish","hentry"],"_links":{"self":[{"href":"https:\/\/connexion-animale.com\/index.php?rest_route=\/wp\/v2\/pages\/1453","targetHints":{"allow":["GET"]}}],"collection":[{"href":"https:\/\/connexion-animale.com\/index.php?rest_route=\/wp\/v2\/pages"}],"about":[{"href":"https:\/\/connexion-animale.com\/index.php?rest_route=\/wp\/v2\/types\/page"}],"author":[{"embeddable":true,"href":"https:\/\/connexion-animale.com\/index.php?rest_route=\/wp\/v2\/users\/1"}],"replies":[{"embeddable":true,"href":"https:\/\/connexion-animale.com\/index.php?rest_route=%2Fwp%2Fv2%2Fcomments&post=1453"}],"version-history":[{"count":4,"href":"https:\/\/connexion-animale.com\/index.php?rest_route=\/wp\/v2\/pages\/1453\/revisions"}],"predecessor-version":[{"id":2174,"href":"https:\/\/connexion-animale.com\/index.php?rest_route=\/wp\/v2\/pages\/1453\/revisions\/2174"}],"wp:attachment":[{"href":"https:\/\/connexion-animale.com\/index.php?rest_route=%2Fwp%2Fv2%2Fmedia&parent=1453"}],"curies":[{"name":"wp","href":"https:\/\/api.w.org\/{rel}","templated":true}]}}