{"id":1661,"date":"2023-05-26T18:54:07","date_gmt":"2023-05-26T16:54:07","guid":{"rendered":"http:\/\/connexion-animale.com\/?page_id=1661"},"modified":"2025-08-28T19:33:02","modified_gmt":"2025-08-28T17:33:02","slug":"formation-pro","status":"publish","type":"page","link":"https:\/\/connexion-animale.com\/?page_id=1661","title":{"rendered":"Formation Pro"},"content":{"rendered":"\t\t<div data-elementor-type=\"wp-page\" data-elementor-id=\"1661\" class=\"elementor elementor-1661\">\n\t\t\t\t\t\t<section class=\"elementor-section elementor-top-section elementor-element elementor-element-3a033940 elementor-section-boxed elementor-section-height-default elementor-section-height-default\" data-id=\"3a033940\" data-element_type=\"section\" data-e-type=\"section\">\n\t\t\t\t\t\t<div class=\"elementor-container elementor-column-gap-default\">\n\t\t\t\t\t<div class=\"elementor-column elementor-col-100 elementor-top-column elementor-element elementor-element-130e7659\" data-id=\"130e7659\" data-element_type=\"column\" data-e-type=\"column\">\n\t\t\t<div class=\"elementor-widget-wrap elementor-element-populated\">\n\t\t\t\t\t\t<div class=\"elementor-element elementor-element-1155692 elementor-widget elementor-widget-image\" data-id=\"1155692\" data-element_type=\"widget\" data-e-type=\"widget\" data-widget_type=\"image.default\">\n\t\t\t\t\t\t\t\t\t\t\t\t\t\t\t<img decoding=\"async\" src=\"http:\/\/connexion-animale.com\/wp-content\/uploads\/2023\/05\/flower-of-life-g3e81c9c01_1280-1.png\" title=\"\" alt=\"\" loading=\"lazy\" \/>\t\t\t\t\t\t\t\t\t\t\t\t\t\t\t<\/div>\n\t\t\t\t<div class=\"elementor-element elementor-element-4da9236a elementor-widget elementor-widget-text-editor\" data-id=\"4da9236a\" data-element_type=\"widget\" data-e-type=\"widget\" data-widget_type=\"text-editor.default\">\n\t\t\t\t\t\t\t\t\t<p><\/p>\n<div>D\u00e9but 2023, nous avons eu la joie avec mon amie et collaboratrice\u00a0 <b><a href=\"https:\/\/mary-lor.com\/\" target=\"_blank\" rel=\"noopener\" data-saferedirecturl=\"https:\/\/www.google.com\/url?q=https:\/\/mary-lor.com\/&amp;source=gmail&amp;ust=1700760927372000&amp;usg=AOvVaw1wSomTMKd_59CD0YckI-Ld\"><span style=\"color: #a64d79;\"><span style=\"color: #ff9900;\">Marie-Laure Gayet<\/span><\/span><\/a><span style=\"color: #ff9900;\">\u00a0<\/span><\/b><span style=\"color: #ff9900;\">(<\/span>ma\u00eetre enseignante reiki et formatrice en communication bienveillante)\u00a0 de vous annoncer l&rsquo;aboutissement de notre formation professionnalisante \u00ab\u00a0Devenir un.e alli\u00e9.e du Vivant\u00a0\u00bb.<\/div>\n<div>Nous souhaitions qu&rsquo;elle d\u00e9bute en septembre 2023, or pour assurer la richesse des \u00e9changes et des apprentissages au sein du groupe, nous avons pr\u00e9f\u00e9r\u00e9 la d\u00e9caler \u00e0 mars 2024 et ainsi permettre \u00e0 un plus grand nombre de personnes de s&rsquo;inscrire.<\/div>\n<p>\u00a0<\/p>\n<p><\/p>\n<p>Nous mettons donc nos talents en commun pour vous permettre de d\u00e9couvrir vos <strong>qualit\u00e9s intuitives et empathiques<\/strong> et de devenir autonome dans vos pratiques de la <strong>communication inter-esp\u00e8ces<\/strong> et du <strong>reiki.<\/strong><\/p>\n<p><\/p>\n<p>Cette formation s&rsquo;\u00e9talera sur plusieurs mois de <strong>mars 2024 \u00e0 septembre 2024<\/strong> et se fera sur une alternance de distanciel et de pr\u00e9sentiel.<\/p>\n<p><\/p>\n<p>Son but est de vous permettre de <strong>devenir vous-m\u00eame th\u00e9rapeute<\/strong> et d&rsquo;accompagner les \u00eatres vivants autour de vous.<\/p>\n<p><\/p>\n<p>Vous apprendrez \u00e9galement \u00e0 d\u00e9velopper des <strong>outils de communication<\/strong> qui favorisent la coop\u00e9ration et la compr\u00e9hension mutuelle et irez vers une connaissance approfondie de vous-m\u00eame. Durant toute la dur\u00e9e de cette formation, vous <strong>accompagnerez un duo humain-animal<\/strong> afin de mettre en \u0153uvre ce que vous aurez int\u00e9gr\u00e9 au fur et \u00e0 mesure des mois.<\/p>\n<p><\/p>\n<p>Vous trouverez toutes les informations (prix, contenu,&#8230;) ci-dessous ainsi que les CGV.<\/p>\n<p><\/p>\n<p><strong><em>Programme d\u00e9taill\u00e9 et Bulletin d&rsquo;inscription sur demande.<\/em><\/strong><\/p>\n<p><\/p>\n<p>Si vous \u00eates int\u00e9ress\u00e9.e.s, ne tardez pas \u00e0 vous inscrire: un<strong> tarif <em>Earlybird <\/em>est propos\u00e9 jusqu&rsquo;au 15 d\u00e9cembre inclus.<\/strong><\/p>\n<p><\/p>\n<p>Date limite d&rsquo;inscription: <strong>Le 12 f\u00e9vrier 2024.<\/strong><\/p>\n<p><\/p>\n<p>J&rsquo;esp\u00e8re que vous ressentirez autant de joie \u00e0 d\u00e9couvrir cette formation que nous avons eu \u00e0 la cr\u00e9er.<\/p>\n<ul>\n<li><span style=\"color: #800080;\"><a style=\"color: #800080;\" href=\"http:\/\/connexion-animale.com\/wp-content\/uploads\/2023\/11\/Formation-professionnalisante-presentation.pdf\"><em><strong>Programme de la formation<\/strong><\/em><\/a><\/span><\/li>\n<li><em><strong><a href=\"http:\/\/connexion-animale.com\/wp-content\/uploads\/2023\/11\/CGV-forma-pro-2024-1.pdf\"><span style=\"color: #800080;\">CGV<\/span><\/a><\/strong><\/em><\/li>\n<\/ul>\n<p>\u00a0<\/p>\n<p><em>(PS: les dates indiqu\u00e9es sur les vid\u00e9os de pr\u00e9sentation de la formation ne sont pas encore mises \u00e0 jour ^^)<\/em><\/p>\n<p><\/p>\t\t\t\t\t\t\t\t<\/div>\n\t\t\t\t\t<\/div>\n\t\t<\/div>\n\t\t\t\t\t<\/div>\n\t\t<\/section>\n\t\t\t\t<section class=\"elementor-section elementor-top-section elementor-element elementor-element-081ca04 elementor-section-boxed elementor-section-height-default elementor-section-height-default\" data-id=\"081ca04\" data-element_type=\"section\" data-e-type=\"section\">\n\t\t\t\t\t\t<div class=\"elementor-container elementor-column-gap-default\">\n\t\t\t\t\t<div class=\"elementor-column elementor-col-100 elementor-top-column elementor-element elementor-element-5762bab\" data-id=\"5762bab\" data-element_type=\"column\" data-e-type=\"column\">\n\t\t\t<div class=\"elementor-widget-wrap elementor-element-populated\">\n\t\t\t\t\t\t<div class=\"elementor-element elementor-element-b9bc8a8 elementor-arrows-position-inside elementor-pagination-position-outside elementor-widget elementor-widget-image-carousel\" data-id=\"b9bc8a8\" data-element_type=\"widget\" data-e-type=\"widget\" data-settings=\"{&quot;slides_to_show&quot;:&quot;2&quot;,&quot;navigation&quot;:&quot;both&quot;,&quot;autoplay&quot;:&quot;yes&quot;,&quot;pause_on_hover&quot;:&quot;yes&quot;,&quot;pause_on_interaction&quot;:&quot;yes&quot;,&quot;autoplay_speed&quot;:5000,&quot;infinite&quot;:&quot;yes&quot;,&quot;speed&quot;:500}\" data-widget_type=\"image-carousel.default\">\n\t\t\t\t\t\t\t<div class=\"elementor-image-carousel-wrapper swiper\" role=\"region\" aria-roledescription=\"carousel\" aria-label=\"Carrousel d\u2019images\" dir=\"ltr\">\n\t\t\t<div class=\"elementor-image-carousel swiper-wrapper\" aria-live=\"off\">\n\t\t\t\t\t\t\t\t<div class=\"swiper-slide\" role=\"group\" aria-roledescription=\"slide\" aria-label=\"1 sur 7\"><figure class=\"swiper-slide-inner\"><img decoding=\"async\" class=\"swiper-slide-image\" src=\"http:\/\/connexion-animale.com\/wp-content\/uploads\/2023\/05\/Formation-ML-doc-insta.png\" alt=\"\" \/><\/figure><\/div><div class=\"swiper-slide\" role=\"group\" aria-roledescription=\"slide\" aria-label=\"2 sur 7\"><figure class=\"swiper-slide-inner\"><img decoding=\"async\" class=\"swiper-slide-image\" src=\"http:\/\/connexion-animale.com\/wp-content\/uploads\/2023\/05\/Formation-ML-doc-insta1.png\" alt=\"\" \/><\/figure><\/div><div class=\"swiper-slide\" role=\"group\" aria-roledescription=\"slide\" aria-label=\"3 sur 7\"><figure class=\"swiper-slide-inner\"><img decoding=\"async\" class=\"swiper-slide-image\" src=\"http:\/\/connexion-animale.com\/wp-content\/uploads\/2023\/05\/Formation-ML-doc-insta2.png\" alt=\"\" \/><\/figure><\/div><div class=\"swiper-slide\" role=\"group\" aria-roledescription=\"slide\" aria-label=\"4 sur 7\"><figure class=\"swiper-slide-inner\"><img decoding=\"async\" class=\"swiper-slide-image\" src=\"http:\/\/connexion-animale.com\/wp-content\/uploads\/2023\/05\/Formation-ML-doc-insta3.png\" alt=\"\" \/><\/figure><\/div><div class=\"swiper-slide\" role=\"group\" aria-roledescription=\"slide\" aria-label=\"5 sur 7\"><figure class=\"swiper-slide-inner\"><img decoding=\"async\" class=\"swiper-slide-image\" src=\"http:\/\/connexion-animale.com\/wp-content\/uploads\/2023\/05\/Formation-ML-doc-insta5.png\" alt=\"\" \/><\/figure><\/div><div class=\"swiper-slide\" role=\"group\" aria-roledescription=\"slide\" aria-label=\"6 sur 7\"><figure class=\"swiper-slide-inner\"><img decoding=\"async\" class=\"swiper-slide-image\" src=\"http:\/\/connexion-animale.com\/wp-content\/uploads\/2023\/05\/Formation-ML-doc-insta4.png\" alt=\"\" \/><\/figure><\/div><div class=\"swiper-slide\" role=\"group\" aria-roledescription=\"slide\" aria-label=\"7 sur 7\"><figure class=\"swiper-slide-inner\"><img decoding=\"async\" class=\"swiper-slide-image\" src=\"http:\/\/connexion-animale.com\/wp-content\/uploads\/2023\/05\/Formation-ML-doc-insta6.png\" alt=\"\" \/><\/figure><\/div>\t\t\t<\/div>\n\t\t\t\t\t\t\t\t\t\t\t\t<div class=\"elementor-swiper-button elementor-swiper-button-prev\" role=\"button\" tabindex=\"0\">\n\t\t\t\t\t\t<svg aria-hidden=\"true\" class=\"e-font-icon-svg e-eicon-chevron-left\" viewBox=\"0 0 1000 1000\" xmlns=\"http:\/\/www.w3.org\/2000\/svg\"><path d=\"M646 125C629 125 613 133 604 142L308 442C296 454 292 471 292 487 292 504 296 521 308 533L604 854C617 867 629 875 646 875 663 875 679 871 692 858 704 846 713 829 713 812 713 796 708 779 692 767L438 487 692 225C700 217 708 204 708 187 708 171 704 154 692 142 675 129 663 125 646 125Z\"><\/path><\/svg>\t\t\t\t\t<\/div>\n\t\t\t\t\t<div class=\"elementor-swiper-button elementor-swiper-button-next\" role=\"button\" tabindex=\"0\">\n\t\t\t\t\t\t<svg aria-hidden=\"true\" class=\"e-font-icon-svg e-eicon-chevron-right\" viewBox=\"0 0 1000 1000\" xmlns=\"http:\/\/www.w3.org\/2000\/svg\"><path d=\"M696 533C708 521 713 504 713 487 713 471 708 454 696 446L400 146C388 133 375 125 354 125 338 125 325 129 313 142 300 154 292 171 292 187 292 204 296 221 308 233L563 492 304 771C292 783 288 800 288 817 288 833 296 850 308 863 321 871 338 875 354 875 371 875 388 867 400 854L696 533Z\"><\/path><\/svg>\t\t\t\t\t<\/div>\n\t\t\t\t\n\t\t\t\t\t\t\t\t\t<div class=\"swiper-pagination\"><\/div>\n\t\t\t\t\t\t\t\t\t<\/div>\n\t\t\t\t\t\t<\/div>\n\t\t\t\t<div class=\"elementor-element elementor-element-b5f3377 elementor-widget-divider--separator-type-pattern elementor-widget-divider--no-spacing elementor-widget-divider--view-line elementor-widget elementor-widget-divider\" data-id=\"b5f3377\" data-element_type=\"widget\" data-e-type=\"widget\" data-widget_type=\"divider.default\">\n\t\t\t\t\t\t\t<div class=\"elementor-divider\" style=\"--divider-pattern-url: url(&quot;data:image\/svg+xml,%3Csvg xmlns=&#039;http:\/\/www.w3.org\/2000\/svg&#039; preserveAspectRatio=&#039;xMidYMid meet&#039; overflow=&#039;visible&#039; height=&#039;100%&#039; viewBox=&#039;0 0 121 26&#039; fill=&#039;black&#039; stroke=&#039;none&#039;%3E%3Cpath d=&#039;M29.6,10.3l2.1,2.2l-3.6,3.3h7v2.9h-7l3.6,3.5l-2.1,1.7l-5.2-5.2h-5.8v-2.9h5.8L29.6,10.3z M70.9,9.6l2.1,1.7l-3.6,3.5h7v2.9h-7l3.6,3.3l-2.1,2.2l-5.2-5.5h-5.8v-2.9h5.8L70.9,9.6z M111.5,9.6l2.1,1.7l-3.6,3.5h7v2.9h-7l3.6,3.3l-2.1,2.2l-5.2-5.5h-5.8v-2.9h5.8L111.5,9.6z M50.2,2.7l2.1,1.7l-3.6,3.5h7v2.9h-7l3.6,3.3l-2.1,2.2L45,10.7h-5.8V7.9H45L50.2,2.7z M11,2l2.1,1.7L9.6,7.2h7V10h-7l3.6,3.3L11,15.5L5.8,10H0V7.2h5.8L11,2z M91.5,2l2.1,2.2l-3.6,3.3h7v2.9h-7l3.6,3.5l-2.1,1.7l-5.2-5.2h-5.8V7.5h5.8L91.5,2z&#039;\/%3E%3C\/svg%3E&quot;);\">\n\t\t\t<span class=\"elementor-divider-separator\">\n\t\t\t\t\t\t<\/span>\n\t\t<\/div>\n\t\t\t\t\t\t<\/div>\n\t\t\t\t<div class=\"elementor-element elementor-element-1ff6179 elementor-widget elementor-widget-spacer\" data-id=\"1ff6179\" data-element_type=\"widget\" data-e-type=\"widget\" data-widget_type=\"spacer.default\">\n\t\t\t\t\t\t\t<div class=\"elementor-spacer\">\n\t\t\t<div class=\"elementor-spacer-inner\"><\/div>\n\t\t<\/div>\n\t\t\t\t\t\t<\/div>\n\t\t\t\t<div class=\"elementor-element elementor-element-5618774 elementor-widget elementor-widget-text-editor\" data-id=\"5618774\" data-element_type=\"widget\" data-e-type=\"widget\" data-widget_type=\"text-editor.default\">\n\t\t\t\t\t\t\t\t\t<h5 style=\"text-align: center;\"><em><span style=\"color: #008080;\">Retrouvez la vid\u00e9o de pr\u00e9sentation de la formation ci-dessous<\/span><\/em> <\/h5>\t\t\t\t\t\t\t\t<\/div>\n\t\t\t\t\t<\/div>\n\t\t<\/div>\n\t\t\t\t\t<\/div>\n\t\t<\/section>\n\t\t\t\t<section class=\"elementor-section elementor-top-section elementor-element elementor-element-df870c4 elementor-section-boxed elementor-section-height-default elementor-section-height-default\" data-id=\"df870c4\" data-element_type=\"section\" data-e-type=\"section\">\n\t\t\t\t\t\t<div class=\"elementor-container elementor-column-gap-default\">\n\t\t\t\t\t<div class=\"elementor-column elementor-col-100 elementor-top-column elementor-element elementor-element-f93120d\" data-id=\"f93120d\" data-element_type=\"column\" data-e-type=\"column\">\n\t\t\t<div class=\"elementor-widget-wrap elementor-element-populated\">\n\t\t\t\t\t\t<div class=\"elementor-element elementor-element-5b7839d elementor-widget elementor-widget-video\" data-id=\"5b7839d\" data-element_type=\"widget\" data-e-type=\"widget\" data-settings=\"{&quot;video_type&quot;:&quot;hosted&quot;,&quot;controls&quot;:&quot;yes&quot;}\" data-widget_type=\"video.default\">\n\t\t\t\t\t\t\t<div class=\"e-hosted-video elementor-wrapper elementor-open-inline\">\n\t\t\t\t\t<video class=\"elementor-video\" src=\"http:\/\/connexion-animale.com\/wp-content\/uploads\/2023\/07\/Video-reel-forma-pro.mp4\" controls=\"\" preload=\"metadata\" controlsList=\"nodownload\"><\/video>\n\t\t\t\t<\/div>\n\t\t\t\t\t\t<\/div>\n\t\t\t\t\t<\/div>\n\t\t<\/div>\n\t\t\t\t\t<\/div>\n\t\t<\/section>\n\t\t\t\t<section class=\"elementor-section elementor-top-section elementor-element elementor-element-d360fbf elementor-section-boxed elementor-section-height-default elementor-section-height-default\" data-id=\"d360fbf\" data-element_type=\"section\" data-e-type=\"section\">\n\t\t\t\t\t\t<div class=\"elementor-container elementor-column-gap-default\">\n\t\t\t\t\t<div class=\"elementor-column elementor-col-100 elementor-top-column elementor-element elementor-element-1c38f76\" data-id=\"1c38f76\" data-element_type=\"column\" data-e-type=\"column\">\n\t\t\t<div class=\"elementor-widget-wrap elementor-element-populated\">\n\t\t\t\t\t\t<div class=\"elementor-element elementor-element-f5e91e8 elementor-widget-divider--separator-type-pattern elementor-widget-divider--no-spacing elementor-widget-divider--view-line elementor-widget elementor-widget-divider\" data-id=\"f5e91e8\" data-element_type=\"widget\" data-e-type=\"widget\" data-widget_type=\"divider.default\">\n\t\t\t\t\t\t\t<div class=\"elementor-divider\" style=\"--divider-pattern-url: url(&quot;data:image\/svg+xml,%3Csvg xmlns=&#039;http:\/\/www.w3.org\/2000\/svg&#039; preserveAspectRatio=&#039;xMidYMid meet&#039; overflow=&#039;visible&#039; height=&#039;100%&#039; viewBox=&#039;0 0 121 26&#039; fill=&#039;black&#039; stroke=&#039;none&#039;%3E%3Cpath d=&#039;M29.6,10.3l2.1,2.2l-3.6,3.3h7v2.9h-7l3.6,3.5l-2.1,1.7l-5.2-5.2h-5.8v-2.9h5.8L29.6,10.3z M70.9,9.6l2.1,1.7l-3.6,3.5h7v2.9h-7l3.6,3.3l-2.1,2.2l-5.2-5.5h-5.8v-2.9h5.8L70.9,9.6z M111.5,9.6l2.1,1.7l-3.6,3.5h7v2.9h-7l3.6,3.3l-2.1,2.2l-5.2-5.5h-5.8v-2.9h5.8L111.5,9.6z M50.2,2.7l2.1,1.7l-3.6,3.5h7v2.9h-7l3.6,3.3l-2.1,2.2L45,10.7h-5.8V7.9H45L50.2,2.7z M11,2l2.1,1.7L9.6,7.2h7V10h-7l3.6,3.3L11,15.5L5.8,10H0V7.2h5.8L11,2z M91.5,2l2.1,2.2l-3.6,3.3h7v2.9h-7l3.6,3.5l-2.1,1.7l-5.2-5.2h-5.8V7.5h5.8L91.5,2z&#039;\/%3E%3C\/svg%3E&quot;);\">\n\t\t\t<span class=\"elementor-divider-separator\">\n\t\t\t\t\t\t<\/span>\n\t\t<\/div>\n\t\t\t\t\t\t<\/div>\n\t\t\t\t\t<\/div>\n\t\t<\/div>\n\t\t\t\t\t<\/div>\n\t\t<\/section>\n\t\t\t\t<section class=\"elementor-section elementor-top-section elementor-element elementor-element-d14a866 elementor-section-boxed elementor-section-height-default elementor-section-height-default\" data-id=\"d14a866\" data-element_type=\"section\" data-e-type=\"section\">\n\t\t\t\t\t\t<div class=\"elementor-container elementor-column-gap-default\">\n\t\t\t\t\t<div class=\"elementor-column elementor-col-100 elementor-top-column elementor-element elementor-element-a90a743\" data-id=\"a90a743\" data-element_type=\"column\" data-e-type=\"column\">\n\t\t\t<div class=\"elementor-widget-wrap elementor-element-populated\">\n\t\t\t\t\t\t<div class=\"elementor-element elementor-element-48a35e4 elementor-widget elementor-widget-text-editor\" data-id=\"48a35e4\" data-element_type=\"widget\" data-e-type=\"widget\" data-widget_type=\"text-editor.default\">\n\t\t\t\t\t\t\t\t\t<h5 style=\"text-align: center;\"><span style=\"color: #008080;\"><em>Voici les temoignages d&rsquo;anciennes participantes aux stages Reiki et communication animale<\/em><\/span><\/h5>\t\t\t\t\t\t\t\t<\/div>\n\t\t\t\t\t<\/div>\n\t\t<\/div>\n\t\t\t\t\t<\/div>\n\t\t<\/section>\n\t\t\t\t<section class=\"elementor-section elementor-top-section elementor-element elementor-element-0e3760a elementor-section-boxed elementor-section-height-default elementor-section-height-default\" data-id=\"0e3760a\" data-element_type=\"section\" data-e-type=\"section\">\n\t\t\t\t\t\t<div class=\"elementor-container elementor-column-gap-default\">\n\t\t\t\t\t<div class=\"elementor-column elementor-col-100 elementor-top-column elementor-element elementor-element-085ebdd\" data-id=\"085ebdd\" data-element_type=\"column\" data-e-type=\"column\">\n\t\t\t<div class=\"elementor-widget-wrap elementor-element-populated\">\n\t\t\t\t\t\t<div class=\"elementor-element elementor-element-7f7558c elementor-widget elementor-widget-video\" data-id=\"7f7558c\" data-element_type=\"widget\" data-e-type=\"widget\" data-settings=\"{&quot;youtube_url&quot;:&quot;https:\\\/\\\/youtu.be\\\/_X4tjpPkhW4&quot;,&quot;video_type&quot;:&quot;youtube&quot;,&quot;controls&quot;:&quot;yes&quot;}\" data-widget_type=\"video.default\">\n\t\t\t\t\t\t\t<div class=\"elementor-wrapper elementor-open-inline\">\n\t\t\t<div class=\"elementor-video\"><\/div>\t\t<\/div>\n\t\t\t\t\t\t<\/div>\n\t\t\t\t\t<\/div>\n\t\t<\/div>\n\t\t\t\t\t<\/div>\n\t\t<\/section>\n\t\t\t\t<section class=\"elementor-section elementor-top-section elementor-element elementor-element-3ddb488 elementor-section-boxed elementor-section-height-default elementor-section-height-default\" data-id=\"3ddb488\" data-element_type=\"section\" data-e-type=\"section\">\n\t\t\t\t\t\t<div class=\"elementor-container elementor-column-gap-default\">\n\t\t\t\t\t<div class=\"elementor-column elementor-col-100 elementor-top-column elementor-element elementor-element-2c72aea\" data-id=\"2c72aea\" data-element_type=\"column\" data-e-type=\"column\">\n\t\t\t<div class=\"elementor-widget-wrap elementor-element-populated\">\n\t\t\t\t\t\t<div class=\"elementor-element elementor-element-334db69 elementor-widget elementor-widget-video\" data-id=\"334db69\" data-element_type=\"widget\" data-e-type=\"widget\" data-settings=\"{&quot;youtube_url&quot;:&quot;https:\\\/\\\/youtu.be\\\/IYRcMIqr6V8&quot;,&quot;video_type&quot;:&quot;youtube&quot;,&quot;controls&quot;:&quot;yes&quot;}\" data-widget_type=\"video.default\">\n\t\t\t\t\t\t\t<div class=\"elementor-wrapper elementor-open-inline\">\n\t\t\t<div class=\"elementor-video\"><\/div>\t\t<\/div>\n\t\t\t\t\t\t<\/div>\n\t\t\t\t\t<\/div>\n\t\t<\/div>\n\t\t\t\t\t<\/div>\n\t\t<\/section>\n\t\t\t\t<\/div>\n\t\t","protected":false},"excerpt":{"rendered":"<p>&nbsp; D\u00e9but 2023, nous avons eu la joie avec mon amie et collaboratrice\u00a0 Marie-Laure Gayet\u00a0(ma\u00eetre enseignante reiki et formatrice en communication bienveillante)\u00a0 de vous annoncer l&rsquo;aboutissement de notre formation professionnalisante \u00ab\u00a0Devenir un.e alli\u00e9.e du Vivant\u00a0\u00bb. Nous souhaitions qu&rsquo;elle d\u00e9bute en septembre 2023, or pour assurer la richesse des \u00e9changes et des apprentissages au sein du groupe, nous avons pr\u00e9f\u00e9r\u00e9 la d\u00e9caler \u00e0 mars 2024 et ainsi permettre \u00e0 un plus grand nombre de personnes de s&rsquo;inscrire. \u00a0 Nous mettons donc nos talents en commun pour vous permettre de d\u00e9couvrir vos qualit\u00e9s intuitives et empathiques et de devenir autonome dans vos pratiques de la communication inter-esp\u00e8ces et du reiki. Cette formation s&rsquo;\u00e9talera sur plusieurs mois de mars 2024 \u00e0 septembre 2024 et se fera sur une alternance de distanciel et de pr\u00e9sentiel. Son but est de vous permettre de devenir vous-m\u00eame th\u00e9rapeute et d&rsquo;accompagner les \u00eatres vivants autour de vous. Vous apprendrez \u00e9galement \u00e0 d\u00e9velopper des outils de communication qui favorisent la coop\u00e9ration et la compr\u00e9hension mutuelle et irez vers une connaissance approfondie de vous-m\u00eame. Durant toute la dur\u00e9e de cette formation, vous accompagnerez un duo humain-animal afin de mettre en \u0153uvre ce que vous aurez int\u00e9gr\u00e9 au fur et \u00e0 mesure des mois. Vous trouverez toutes les informations (prix, contenu,&#8230;) ci-dessous ainsi que les CGV. Programme d\u00e9taill\u00e9 et Bulletin d&rsquo;inscription sur demande. Si vous \u00eates int\u00e9ress\u00e9.e.s, ne tardez pas \u00e0 vous inscrire: un tarif Earlybird est propos\u00e9 jusqu&rsquo;au 15 d\u00e9cembre inclus. Date limite d&rsquo;inscription: Le 12 f\u00e9vrier 2024. J&rsquo;esp\u00e8re que vous ressentirez autant de joie \u00e0 d\u00e9couvrir cette formation que nous avons eu \u00e0 la cr\u00e9er. Programme de la formation CGV &nbsp; (PS: les dates indiqu\u00e9es sur les vid\u00e9os de pr\u00e9sentation de la formation ne sont pas encore mises \u00e0 jour ^^) &nbsp; Retrouvez la vid\u00e9o de pr\u00e9sentation de la formation ci-dessous http:\/\/connexion-animale.com\/wp-content\/uploads\/2025\/08\/Video-reel-forma-pro.mp4 Voici les temoignages d&rsquo;anciennes participantes aux stages Reiki et communication animale https:\/\/youtu.be\/_X4tjpPkhW4https:\/\/youtu.be\/IYRcMIqr6V8<\/p>\n","protected":false},"author":1,"featured_media":0,"parent":0,"menu_order":0,"comment_status":"closed","ping_status":"closed","template":"","meta":{"footnotes":""},"class_list":["post-1661","page","type-page","status-publish","hentry"],"_links":{"self":[{"href":"https:\/\/connexion-animale.com\/index.php?rest_route=\/wp\/v2\/pages\/1661","targetHints":{"allow":["GET"]}}],"collection":[{"href":"https:\/\/connexion-animale.com\/index.php?rest_route=\/wp\/v2\/pages"}],"about":[{"href":"https:\/\/connexion-animale.com\/index.php?rest_route=\/wp\/v2\/types\/page"}],"author":[{"embeddable":true,"href":"https:\/\/connexion-animale.com\/index.php?rest_route=\/wp\/v2\/users\/1"}],"replies":[{"embeddable":true,"href":"https:\/\/connexion-animale.com\/index.php?rest_route=%2Fwp%2Fv2%2Fcomments&post=1661"}],"version-history":[{"count":5,"href":"https:\/\/connexion-animale.com\/index.php?rest_route=\/wp\/v2\/pages\/1661\/revisions"}],"predecessor-version":[{"id":2086,"href":"https:\/\/connexion-animale.com\/index.php?rest_route=\/wp\/v2\/pages\/1661\/revisions\/2086"}],"wp:attachment":[{"href":"https:\/\/connexion-animale.com\/index.php?rest_route=%2Fwp%2Fv2%2Fmedia&parent=1661"}],"curies":[{"name":"wp","href":"https:\/\/api.w.org\/{rel}","templated":true}]}}