{"id":500,"date":"2013-06-12T23:39:26","date_gmt":"2013-06-12T21:39:26","guid":{"rendered":"http:\/\/controle2gestion.com\/weanimal\/?page_id=500"},"modified":"2025-10-21T16:30:28","modified_gmt":"2025-10-21T14:30:28","slug":"qui-suis-je","status":"publish","type":"page","link":"https:\/\/connexion-animale.com\/?page_id=500","title":{"rendered":"Qui suis-je?"},"content":{"rendered":"\t\t<div data-elementor-type=\"wp-page\" data-elementor-id=\"500\" class=\"elementor elementor-500\">\n\t\t\t\t\t\t<section class=\"elementor-section elementor-top-section elementor-element elementor-element-200233a3 elementor-section-boxed elementor-section-height-default elementor-section-height-default\" data-id=\"200233a3\" data-element_type=\"section\" data-e-type=\"section\">\n\t\t\t\t\t\t<div class=\"elementor-container elementor-column-gap-default\">\n\t\t\t\t\t<div class=\"elementor-column elementor-col-100 elementor-top-column elementor-element elementor-element-2c0d5b4b\" data-id=\"2c0d5b4b\" data-element_type=\"column\" data-e-type=\"column\">\n\t\t\t<div class=\"elementor-widget-wrap elementor-element-populated\">\n\t\t\t\t\t\t<div class=\"elementor-element elementor-element-394d3c39 elementor-widget elementor-widget-text-editor\" data-id=\"394d3c39\" data-element_type=\"widget\" data-e-type=\"widget\" data-widget_type=\"text-editor.default\">\n\t\t\t\t\t\t\t\t\t<p style=\"text-align: center;\">Je suis dipl\u00f4m\u00e9e, depuis 2011,\u00a0d\u2019un master recherche\u00a0sp\u00e9cialit\u00e9\u00a0\u00e9cologie comportementale\u00a0et conservation. J&rsquo;ai voyag\u00e9 dans de nombreux pays (Br\u00e9sil, Kenya, Mexique&#8230;) afin d&rsquo;\u00e9tudier le comportement de\u00a0diff\u00e9rentes\u00a0esp\u00e8ces animales\u00a0telles que les loutres, les singes (colobe, cercopith\u00e8que \u00e0 diad\u00e8me, singe hurleur&#8230;), les flamants roses, etc.<\/p><p style=\"text-align: center;\">J&rsquo;ai \u00e9galement travaill\u00e9 plusieurs mois dans un centre de sauvegarde de la faune sauvage.<\/p><p style=\"text-align: center;\">Depuis toujours, je souhaite contribuer au changement du regard que porte l\u2019homme sur les animaux. J\u2019imaginais que faire une th\u00e8se, \u00eatre \u00ab\u00a0reconnue\u00a0\u00bb dans le monde de la science me permettrait de contribuer \u00e0 ce changement de conscience. J\u2019ai compris, \u00e0 travers diff\u00e9rentes exp\u00e9riences depuis l\u2019obtention de mon master, que cette \u00e9volution viendra par l\u2019\u00e9ducation, par l\u2019enseignement de valeurs fondamentales telles que le respect de soi et des autres, la responsabilit\u00e9, le partage, la notion d\u2019interd\u00e9pendance&#8230; C\u2019est pourquoi, durant trois ans, j&rsquo;ai \u00e9t\u00e9 la pr\u00e9sidente fondatrice de l&rsquo;association HELP. Cette association avait pour but de rendre conscient l&rsquo;homme du vivant en reconnectant l&rsquo;\u00eatre humain \u00e0 la nature et aux animaux et en transmettant des valeurs fondamentales aux enfants \u00e0 travers des activit\u00e9s cr\u00e9atives et p\u00e9dagogiques.<\/p><p style=\"text-align: center;\">Apr\u00e8s un voyage d&rsquo;un an en Australie, j&rsquo;ai pris conscience que c&rsquo;est avant tout en se changeant soi que nous pouvions r\u00e9ellement impacter le monde. C&rsquo;est en revenant au plus pr\u00e8s de soi, au plus pr\u00e8s de ce qui nous rend heureux, au plus pr\u00e8s de nos aspirations profondes que nous pouvons inspirer les personnes autour de nous. Je suis donc revenue en France avec une autre perception de la vie. L&rsquo;essentiel est simplement d&rsquo;\u00eatre heureux, d&rsquo;\u00eatre en paix avec nous-m\u00eame. Il n&rsquo;y a rien \u00e0 faire, nous avons juste \u00e0 \u00eatre qui nous sommes, une parcelle du Tout.<\/p><p style=\"text-align: center;\">Aujourd&rsquo;hui, j&rsquo;ai l&rsquo;envie de transmettre le message des animaux aux \u00eatres humains afin de contribuer \u00e0 \u00e9tablir une relation harmonieuse avec ces \u00eatres diff\u00e9rents mais si proches de nous. Je crois profond\u00e9ment que notre r\u00f4le d&rsquo;\u00eatre humain sur cette plan\u00e8te est de prendre conscience du spirituel chez toutes les cr\u00e9atures et d&rsquo;aller vers une relation de bienveillance et d&rsquo;\u00e9change.<\/p><p style=\"text-align: center;\">\u00a0<\/p>\t\t\t\t\t\t\t\t<\/div>\n\t\t\t\t\t<\/div>\n\t\t<\/div>\n\t\t\t\t\t<\/div>\n\t\t<\/section>\n\t\t\t\t<section class=\"elementor-section elementor-top-section elementor-element elementor-element-96bdf5d elementor-section-boxed elementor-section-height-default elementor-section-height-default\" data-id=\"96bdf5d\" data-element_type=\"section\" data-e-type=\"section\">\n\t\t\t\t\t\t<div class=\"elementor-container elementor-column-gap-default\">\n\t\t\t\t\t<div class=\"elementor-column elementor-col-100 elementor-top-column elementor-element elementor-element-13070ac\" data-id=\"13070ac\" data-element_type=\"column\" data-e-type=\"column\">\n\t\t\t<div class=\"elementor-widget-wrap elementor-element-populated\">\n\t\t\t\t\t\t<div class=\"elementor-element elementor-element-f45ffa9 elementor-widget elementor-widget-image\" data-id=\"f45ffa9\" data-element_type=\"widget\" data-e-type=\"widget\" data-widget_type=\"image.default\">\n\t\t\t\t\t\t\t\t\t\t\t\t\t\t\t<img fetchpriority=\"high\" decoding=\"async\" width=\"1153\" height=\"2048\" src=\"https:\/\/connexion-animale.com\/wp-content\/uploads\/2025\/10\/509339935_10237688084763688_3244388254249288830_n.jpg\" class=\"attachment-medium size-medium wp-image-2151\" alt=\"\" srcset=\"https:\/\/connexion-animale.com\/wp-content\/uploads\/2025\/10\/509339935_10237688084763688_3244388254249288830_n.jpg 1153w, https:\/\/connexion-animale.com\/wp-content\/uploads\/2025\/10\/509339935_10237688084763688_3244388254249288830_n-1140x2025.jpg 1140w\" sizes=\"(max-width: 1153px) 100vw, 1153px\" \/>\t\t\t\t\t\t\t\t\t\t\t\t\t\t\t<\/div>\n\t\t\t\t\t<\/div>\n\t\t<\/div>\n\t\t\t\t\t<\/div>\n\t\t<\/section>\n\t\t\t\t<section class=\"elementor-section elementor-top-section elementor-element elementor-element-e35455d elementor-section-boxed elementor-section-height-default elementor-section-height-default\" data-id=\"e35455d\" data-element_type=\"section\" data-e-type=\"section\">\n\t\t\t\t\t\t<div class=\"elementor-container elementor-column-gap-default\">\n\t\t\t\t\t<div class=\"elementor-column elementor-col-100 elementor-top-column elementor-element elementor-element-237154a\" data-id=\"237154a\" data-element_type=\"column\" data-e-type=\"column\">\n\t\t\t<div class=\"elementor-widget-wrap elementor-element-populated\">\n\t\t\t\t\t\t<div class=\"elementor-element elementor-element-9ee6938 elementor-widget-divider--separator-type-pattern elementor-widget-divider--no-spacing elementor-widget-divider--view-line elementor-widget elementor-widget-divider\" data-id=\"9ee6938\" data-element_type=\"widget\" data-e-type=\"widget\" data-widget_type=\"divider.default\">\n\t\t\t\t\t\t\t<div class=\"elementor-divider\" style=\"--divider-pattern-url: url(&quot;data:image\/svg+xml,%3Csvg xmlns=&#039;http:\/\/www.w3.org\/2000\/svg&#039; preserveAspectRatio=&#039;xMidYMid meet&#039; overflow=&#039;visible&#039; height=&#039;100%&#039; viewBox=&#039;0 0 121 26&#039; fill=&#039;black&#039; stroke=&#039;none&#039;%3E%3Cpath d=&#039;M29.6,10.3l2.1,2.2l-3.6,3.3h7v2.9h-7l3.6,3.5l-2.1,1.7l-5.2-5.2h-5.8v-2.9h5.8L29.6,10.3z M70.9,9.6l2.1,1.7l-3.6,3.5h7v2.9h-7l3.6,3.3l-2.1,2.2l-5.2-5.5h-5.8v-2.9h5.8L70.9,9.6z M111.5,9.6l2.1,1.7l-3.6,3.5h7v2.9h-7l3.6,3.3l-2.1,2.2l-5.2-5.5h-5.8v-2.9h5.8L111.5,9.6z M50.2,2.7l2.1,1.7l-3.6,3.5h7v2.9h-7l3.6,3.3l-2.1,2.2L45,10.7h-5.8V7.9H45L50.2,2.7z M11,2l2.1,1.7L9.6,7.2h7V10h-7l3.6,3.3L11,15.5L5.8,10H0V7.2h5.8L11,2z M91.5,2l2.1,2.2l-3.6,3.3h7v2.9h-7l3.6,3.5l-2.1,1.7l-5.2-5.2h-5.8V7.5h5.8L91.5,2z&#039;\/%3E%3C\/svg%3E&quot;);\">\n\t\t\t<span class=\"elementor-divider-separator\">\n\t\t\t\t\t\t<\/span>\n\t\t<\/div>\n\t\t\t\t\t\t<\/div>\n\t\t\t\t<div class=\"elementor-element elementor-element-3126815 elementor-widget elementor-widget-text-editor\" data-id=\"3126815\" data-element_type=\"widget\" data-e-type=\"widget\" data-widget_type=\"text-editor.default\">\n\t\t\t\t\t\t\t\t\t<p style=\"text-align: center;\"><em><span style=\"color: #993366;\"><strong>Mes formations:<\/strong><\/span><\/em><\/p>\n<ul>\n<li style=\"text-align: center;\">Communication consciente<\/li>\n<li style=\"text-align: center;\">\u00c9coute<\/li>\n<li style=\"text-align: center;\">Les \u00e9motions comme messag\u00e8res<\/li>\n<li style=\"text-align: center;\">Reiki<\/li>\n<li style=\"text-align: center;\">Profils de personnalit\u00e9s Nuances<\/li>\n<li style=\"text-align: center;\">Formation Access Bars en Australie<\/li>\n<li style=\"text-align: center;\">Formation Fleur de Bach avec Isabelle Bourdeau<\/li>\n<li style=\"text-align: center;\">\u00c9ducation canine, autodidacte, avec les formations Esprit dog<\/li>\n<li style=\"text-align: center;\">Formation de 3 ans en Herboristerie Holistique avec Rythmes de la Terre :&nbsp; &nbsp;&nbsp;<strong><em>En cours<\/em><\/strong><\/li>\n<li style=\"text-align: center;\">Formation CICA<strong><em>&nbsp;(<\/em><\/strong><span data-olk-copy-source=\"MessageBody\">Congr\u00e8s International du Comportement Animal): <em><strong>En cours<\/strong><\/em><\/span><\/li>\n<\/ul>\t\t\t\t\t\t\t\t<\/div>\n\t\t\t\t<div class=\"elementor-element elementor-element-5822177 elementor-widget elementor-widget-spacer\" data-id=\"5822177\" data-element_type=\"widget\" data-e-type=\"widget\" data-widget_type=\"spacer.default\">\n\t\t\t\t\t\t\t<div class=\"elementor-spacer\">\n\t\t\t<div class=\"elementor-spacer-inner\"><\/div>\n\t\t<\/div>\n\t\t\t\t\t\t<\/div>\n\t\t\t\t\t<\/div>\n\t\t<\/div>\n\t\t\t\t\t<\/div>\n\t\t<\/section>\n\t\t\t\t<section class=\"elementor-section elementor-top-section elementor-element elementor-element-8d9fd45 elementor-section-boxed elementor-section-height-default elementor-section-height-default\" data-id=\"8d9fd45\" data-element_type=\"section\" data-e-type=\"section\">\n\t\t\t\t\t\t<div class=\"elementor-container elementor-column-gap-default\">\n\t\t\t\t\t<div class=\"elementor-column elementor-col-100 elementor-top-column elementor-element elementor-element-e8f1f36\" data-id=\"e8f1f36\" data-element_type=\"column\" data-e-type=\"column\">\n\t\t\t<div class=\"elementor-widget-wrap elementor-element-populated\">\n\t\t\t\t\t\t<div class=\"elementor-element elementor-element-f7501d6 elementor-widget elementor-widget-text-editor\" data-id=\"f7501d6\" data-element_type=\"widget\" data-e-type=\"widget\" data-widget_type=\"text-editor.default\">\n\t\t\t\t\t\t\t\t\t<h6 style=\"text-align: center;\"><span style=\"color: #800080;\"><strong><em>\u00ab\u00a0Tout ce qui vit, m\u00eame une banale mouche domestique a quelque chose de pr\u00e9cieux \u00e0 partager avec vous, que vous soyez pr\u00eat ou non pour l\u2019exp\u00e9rience\u00a0\u00bb<\/em><\/strong><\/span><\/h6><h6 style=\"text-align: center;\"><span style=\"color: #800080;\"><strong><em>J. Allen Boone.<\/em><\/strong><\/span><\/h6>\t\t\t\t\t\t\t\t<\/div>\n\t\t\t\t\t<\/div>\n\t\t<\/div>\n\t\t\t\t\t<\/div>\n\t\t<\/section>\n\t\t\t\t<\/div>\n\t\t","protected":false},"excerpt":{"rendered":"<p>Je suis dipl\u00f4m\u00e9e, depuis 2011,\u00a0d\u2019un master recherche\u00a0sp\u00e9cialit\u00e9\u00a0\u00e9cologie comportementale\u00a0et conservation. J&rsquo;ai voyag\u00e9 dans de nombreux pays (Br\u00e9sil, Kenya, Mexique&#8230;) afin d&rsquo;\u00e9tudier le comportement de\u00a0diff\u00e9rentes\u00a0esp\u00e8ces animales\u00a0telles que les loutres, les singes (colobe, cercopith\u00e8que \u00e0 diad\u00e8me, singe hurleur&#8230;), les flamants roses, etc. J&rsquo;ai \u00e9galement travaill\u00e9 plusieurs mois dans un centre de sauvegarde de la faune sauvage. Depuis toujours, je souhaite contribuer au changement du regard que porte l\u2019homme sur les animaux. J\u2019imaginais que faire une th\u00e8se, \u00eatre \u00ab\u00a0reconnue\u00a0\u00bb dans le monde de la science me permettrait de contribuer \u00e0 ce changement de conscience. J\u2019ai compris, \u00e0 travers diff\u00e9rentes exp\u00e9riences depuis l\u2019obtention de mon master, que cette \u00e9volution viendra par l\u2019\u00e9ducation, par l\u2019enseignement de valeurs fondamentales telles que le respect de soi et des autres, la responsabilit\u00e9, le partage, la notion d\u2019interd\u00e9pendance&#8230; C\u2019est pourquoi, durant trois ans, j&rsquo;ai \u00e9t\u00e9 la pr\u00e9sidente fondatrice de l&rsquo;association HELP. Cette association avait pour but de rendre conscient l&rsquo;homme du vivant en reconnectant l&rsquo;\u00eatre humain \u00e0 la nature et aux animaux et en transmettant des valeurs fondamentales aux enfants \u00e0 travers des activit\u00e9s cr\u00e9atives et p\u00e9dagogiques. Apr\u00e8s un voyage d&rsquo;un an en Australie, j&rsquo;ai pris conscience que c&rsquo;est avant tout en se changeant soi que nous pouvions r\u00e9ellement impacter le monde. C&rsquo;est en revenant au plus pr\u00e8s de soi, au plus pr\u00e8s de ce qui nous rend heureux, au plus pr\u00e8s de nos aspirations profondes que nous pouvons inspirer les personnes autour de nous. Je suis donc revenue en France avec une autre perception de la vie. L&rsquo;essentiel est simplement d&rsquo;\u00eatre heureux, d&rsquo;\u00eatre en paix avec nous-m\u00eame. Il n&rsquo;y a rien \u00e0 faire, nous avons juste \u00e0 \u00eatre qui nous sommes, une parcelle du Tout. Aujourd&rsquo;hui, j&rsquo;ai l&rsquo;envie de transmettre le message des animaux aux \u00eatres humains afin de contribuer \u00e0 \u00e9tablir une relation harmonieuse avec ces \u00eatres diff\u00e9rents mais si proches de nous. Je crois profond\u00e9ment que notre r\u00f4le d&rsquo;\u00eatre humain sur cette plan\u00e8te est de prendre conscience du spirituel chez toutes les cr\u00e9atures et d&rsquo;aller vers une relation de bienveillance et d&rsquo;\u00e9change. \u00a0 Mes formations: Communication consciente \u00c9coute Les \u00e9motions comme messag\u00e8res Reiki Profils de personnalit\u00e9s Nuances Formation Access Bars en Australie Formation Fleur de Bach avec Isabelle Bourdeau \u00c9ducation canine, autodidacte, avec les formations Esprit dog Formation de 3 ans en Herboristerie Holistique avec Rythmes de la Terre :&nbsp; &nbsp;&nbsp;En cours Formation CICA&nbsp;(Congr\u00e8s International du Comportement Animal): En cours \u00ab\u00a0Tout ce qui vit, m\u00eame une banale mouche domestique a quelque chose de pr\u00e9cieux \u00e0 partager avec vous, que vous soyez pr\u00eat ou non pour l\u2019exp\u00e9rience\u00a0\u00bb J. Allen Boone.<\/p>\n","protected":false},"author":1,"featured_media":0,"parent":0,"menu_order":2,"comment_status":"closed","ping_status":"closed","template":"","meta":{"footnotes":""},"class_list":["post-500","page","type-page","status-publish","hentry"],"_links":{"self":[{"href":"https:\/\/connexion-animale.com\/index.php?rest_route=\/wp\/v2\/pages\/500","targetHints":{"allow":["GET"]}}],"collection":[{"href":"https:\/\/connexion-animale.com\/index.php?rest_route=\/wp\/v2\/pages"}],"about":[{"href":"https:\/\/connexion-animale.com\/index.php?rest_route=\/wp\/v2\/types\/page"}],"author":[{"embeddable":true,"href":"https:\/\/connexion-animale.com\/index.php?rest_route=\/wp\/v2\/users\/1"}],"replies":[{"embeddable":true,"href":"https:\/\/connexion-animale.com\/index.php?rest_route=%2Fwp%2Fv2%2Fcomments&post=500"}],"version-history":[{"count":4,"href":"https:\/\/connexion-animale.com\/index.php?rest_route=\/wp\/v2\/pages\/500\/revisions"}],"predecessor-version":[{"id":2155,"href":"https:\/\/connexion-animale.com\/index.php?rest_route=\/wp\/v2\/pages\/500\/revisions\/2155"}],"wp:attachment":[{"href":"https:\/\/connexion-animale.com\/index.php?rest_route=%2Fwp%2Fv2%2Fmedia&parent=500"}],"curies":[{"name":"wp","href":"https:\/\/api.w.org\/{rel}","templated":true}]}}