{"id":642,"date":"2016-08-16T19:15:24","date_gmt":"2016-08-16T17:15:24","guid":{"rendered":"http:\/\/fg45phpnet.phpnet.org\/connexion-animale\/?page_id=642"},"modified":"2025-08-28T18:11:06","modified_gmt":"2025-08-28T16:11:06","slug":"communication-animale-2","status":"publish","type":"page","link":"https:\/\/connexion-animale.com\/?page_id=642","title":{"rendered":"Communication animale"},"content":{"rendered":"<p style=\"text-align: center;\"><em><strong>Les animaux, les arbres, les plantes, les roches nous parlent mais savons nous les \u00e9couter ? Apprendre \u00e0 communiquer avec ces \u00eatres c\u2019est prendre conscience que tout est vivant, que nous faisons partie d\u2019un tout, c\u2019est se relier \u00e0 la Nature et donc \u00e0 notre essence.<\/strong><\/em><\/p>\n<p style=\"text-align: center;\"><em><strong>Le but de cet apprentissage n\u2019est pas pour eux car ils communiquent d\u00e9j\u00e0.<\/strong><\/em><\/p>\n<p style=\"text-align: center;\"><em><strong>C\u2019est pour vous.<\/strong><\/em><\/p>\n<p style=\"text-align: justify;\">La formation \u00ab\u00a0introduction \u00e0 la communication animale \u00a0\u00bb <b> <\/b>vous permettra d<strong>&lsquo;apprendre \u00e0 recevoir et \u00e0 envoyer des messages \u00e0 vos animaux<\/strong>. Vous comprendrez aussi comment la relation \u00e0 votre animal peut \u00eatre une<strong> clef dans votre \u00e9volution personnelle<\/strong>. Pour plus d&rsquo;informations sur le contenu du stage, cliquez sur le lien pdf ci-dessous.<\/p>\n<p><a href=\"http:\/\/connexion-animale.com\/wp-content\/uploads\/2025\/08\/Presentation-stage-introduction-a-la-CA.png\">Introduction \u00e0 la communication animale niveau 1<\/a><\/p>\n<p><img fetchpriority=\"high\" decoding=\"async\" class=\"alignnone size-full wp-image-1963\" src=\"http:\/\/connexion-animale.com\/wp-content\/uploads\/2025\/08\/11742693_816403708477672_6274684239651078249_n.jpg\" alt=\"\" width=\"526\" height=\"371\" \/><\/p>\n<p>&nbsp;<\/p>\n<p style=\"text-align: justify;\">La formation \u00ab\u00a0communication avec la Nature \u00a0\u00bb vous permettra d&rsquo;<b>approfondir votre lien avec la Nature<\/b> en apprenant \u00e0 recevoir et envoyer des messages aux <b>diff\u00e9rents \u00eatres vivants (animaux, v\u00e9g\u00e9taux&#8230;).<\/b><br \/>\n<b><u>Pr\u00e9-requis:<\/u><\/b> avoir suivi la formation d&rsquo;introduction \u00e0 la communication animale. Pour plus d&rsquo;informations sur le contenu du stage, cliquez sur le lien pdf ci-dessous.<\/p>\n<p><a href=\"http:\/\/connexion-animale.com\/wp-content\/uploads\/2025\/08\/Formation-Communication-avec-la-Nature-niveau-2-1.pdf\">Formation Communication avec Nature niveau 2<\/a><\/p>\n<p>&nbsp;<\/p>\n<p><img decoding=\"async\" class=\"alignnone size-full wp-image-1964\" src=\"http:\/\/connexion-animale.com\/wp-content\/uploads\/2025\/08\/index.jpg\" alt=\"\" width=\"300\" height=\"168\" \/><\/p>\n<p style=\"text-align: justify;\">La formation \u00ab\u00a0accompagnement des animaux en fin de vie et communication avec les animaux d\u00e9c\u00e9d\u00e9s\u00a0\u00bb\u00a0 vous permettra d&rsquo;<strong>apprendre \u00e0 contacter l&rsquo;au-del\u00e0<\/strong>. Elle vous apportera <strong>r\u00e9confort, apaisement<\/strong> ainsi que des r\u00e9ponses \u00e0 vos questions.<\/p>\n<p style=\"text-align: justify;\"><b><u>Pr\u00e9-requis:<\/u><\/b> avoir suivi la formation d&rsquo;introduction \u00e0 la communication animale. Pour plus d&rsquo;informations sur le contenu du stage, cliquez sur le lien pdf ci-dessous.<\/p>\n<p><a href=\"http:\/\/connexion-animale.com\/wp-content\/uploads\/2025\/08\/Presentation-Stage-Niveau-3.png\">Formation Communication avec les animaux d\u00e9funts<\/a><\/p>\n<p><em><strong>N&rsquo;h\u00e9sitez pas \u00e0 me contacter si vous avez des questions, je me ferais un plaisir de vous r\u00e9pondre \ud83d\ude42<\/strong><\/em><\/p>\n<p><em><strong>Les prochaines dates des formations se trouvent sur la page <a href=\"http:\/\/connexion-animale.com\/date-de-stage\/\">\u00ab\u00a0Date de stage\u00a0\u00bb<\/a>.<br \/>\n<\/strong><\/em><\/p>\n","protected":false},"excerpt":{"rendered":"<p>Les animaux, les arbres, les plantes, les roches nous parlent mais savons nous les \u00e9couter ? Apprendre \u00e0 communiquer avec ces \u00eatres c\u2019est prendre conscience que tout est vivant, que nous faisons partie d\u2019un tout, c\u2019est se relier \u00e0 la Nature et donc \u00e0 notre essence. Le but de cet apprentissage n\u2019est pas pour eux car ils communiquent d\u00e9j\u00e0. C\u2019est pour vous. La formation \u00ab\u00a0introduction \u00e0 la communication animale \u00a0\u00bb vous permettra d&lsquo;apprendre \u00e0 recevoir et \u00e0 envoyer des messages \u00e0 vos animaux. Vous comprendrez aussi comment la relation \u00e0 votre animal peut \u00eatre une clef dans votre \u00e9volution personnelle. Pour plus d&rsquo;informations sur le contenu du stage, cliquez sur le lien pdf ci-dessous. Introduction \u00e0 la communication animale niveau 1 &nbsp; La formation \u00ab\u00a0communication avec la Nature \u00a0\u00bb vous permettra d&rsquo;approfondir votre lien avec la Nature en apprenant \u00e0 recevoir et envoyer des messages aux diff\u00e9rents \u00eatres vivants (animaux, v\u00e9g\u00e9taux&#8230;). Pr\u00e9-requis: avoir suivi la formation d&rsquo;introduction \u00e0 la communication animale. Pour plus d&rsquo;informations sur le contenu du stage, cliquez sur le lien pdf ci-dessous. Formation Communication avec Nature niveau 2 &nbsp; La formation \u00ab\u00a0accompagnement des animaux en fin de vie et communication avec les animaux d\u00e9c\u00e9d\u00e9s\u00a0\u00bb\u00a0 vous permettra d&rsquo;apprendre \u00e0 contacter l&rsquo;au-del\u00e0. Elle vous apportera r\u00e9confort, apaisement ainsi que des r\u00e9ponses \u00e0 vos questions. Pr\u00e9-requis: avoir suivi la formation d&rsquo;introduction \u00e0 la communication animale. Pour plus d&rsquo;informations sur le contenu du stage, cliquez sur le lien pdf ci-dessous. Formation Communication avec les animaux d\u00e9funts N&rsquo;h\u00e9sitez pas \u00e0 me contacter si vous avez des questions, je me ferais un plaisir de vous r\u00e9pondre \ud83d\ude42 Les prochaines dates des formations se trouvent sur la page \u00ab\u00a0Date de stage\u00a0\u00bb.<\/p>\n","protected":false},"author":1,"featured_media":645,"parent":0,"menu_order":0,"comment_status":"closed","ping_status":"closed","template":"","meta":{"footnotes":""},"class_list":["post-642","page","type-page","status-publish","has-post-thumbnail","hentry"],"_links":{"self":[{"href":"https:\/\/connexion-animale.com\/index.php?rest_route=\/wp\/v2\/pages\/642","targetHints":{"allow":["GET"]}}],"collection":[{"href":"https:\/\/connexion-animale.com\/index.php?rest_route=\/wp\/v2\/pages"}],"about":[{"href":"https:\/\/connexion-animale.com\/index.php?rest_route=\/wp\/v2\/types\/page"}],"author":[{"embeddable":true,"href":"https:\/\/connexion-animale.com\/index.php?rest_route=\/wp\/v2\/users\/1"}],"replies":[{"embeddable":true,"href":"https:\/\/connexion-animale.com\/index.php?rest_route=%2Fwp%2Fv2%2Fcomments&post=642"}],"version-history":[{"count":1,"href":"https:\/\/connexion-animale.com\/index.php?rest_route=\/wp\/v2\/pages\/642\/revisions"}],"predecessor-version":[{"id":2038,"href":"https:\/\/connexion-animale.com\/index.php?rest_route=\/wp\/v2\/pages\/642\/revisions\/2038"}],"wp:featuredmedia":[{"embeddable":true,"href":"https:\/\/connexion-animale.com\/index.php?rest_route=\/"}],"wp:attachment":[{"href":"https:\/\/connexion-animale.com\/index.php?rest_route=%2Fwp%2Fv2%2Fmedia&parent=642"}],"curies":[{"name":"wp","href":"https:\/\/api.w.org\/{rel}","templated":true}]}}