{"id":656,"date":"2016-08-17T19:37:02","date_gmt":"2016-08-17T17:37:02","guid":{"rendered":"http:\/\/fg45phpnet.phpnet.org\/connexion-animale\/?page_id=656"},"modified":"2025-08-28T19:10:26","modified_gmt":"2025-08-28T17:10:26","slug":"a-la-rencontre-de-notre-energie-animale","status":"publish","type":"page","link":"https:\/\/connexion-animale.com\/?page_id=656","title":{"rendered":"A la rencontre de notre \u00e9nergie animale"},"content":{"rendered":"\t\t<div data-elementor-type=\"wp-page\" data-elementor-id=\"656\" class=\"elementor elementor-656\">\n\t\t\t\t\t\t<section class=\"elementor-section elementor-top-section elementor-element elementor-element-7ff36bb2 elementor-section-boxed elementor-section-height-default elementor-section-height-default\" data-id=\"7ff36bb2\" data-element_type=\"section\" data-e-type=\"section\">\n\t\t\t\t\t\t<div class=\"elementor-container elementor-column-gap-default\">\n\t\t\t\t\t<div class=\"elementor-column elementor-col-100 elementor-top-column elementor-element elementor-element-6aa6bfa0\" data-id=\"6aa6bfa0\" data-element_type=\"column\" data-e-type=\"column\">\n\t\t\t<div class=\"elementor-widget-wrap elementor-element-populated\">\n\t\t\t\t\t\t<div class=\"elementor-element elementor-element-5d0e4c06 elementor-widget elementor-widget-text-editor\" data-id=\"5d0e4c06\" data-element_type=\"widget\" data-e-type=\"widget\" data-widget_type=\"text-editor.default\">\n\t\t\t\t\t\t\t\t\t<p style=\"text-align: center;\"><strong><em>Chaque esp\u00e8ce animale est porteuse d\u2019une mission, d\u2019un enseignement\u2026<\/em><\/strong><\/p><p style=\"text-align: center;\"><strong><em>A certains moments de notre vie, les animaux peuvent nous aider \u00e0 traverser des exp\u00e9riences en nous apportant leurs connaissances, en nous envoyant des messages.<\/em><\/strong><\/p><p style=\"text-align: center;\"><span style=\"color: #993366;\"><strong><em>Chaque \u00eatre humain est marqu\u00e9 par une \u00e9nergie animale. Identifier et \u00eatre ouvert \u00e0 cette \u00e9nergie, c\u2019est se relier \u00e0 la Vie, \u00e0 notre nature profonde; c\u2019est mieux nous comprendre et nous rappeler ce que nous avons oubli\u00e9.<\/em><\/strong><\/span><\/p><p style=\"text-align: justify;\">Ce stage vous permettra de prendre contact avec votre \u00e9nergie animale, d&rsquo;appr\u00e9hender vos forces et vos zones d&rsquo;ombre, de comprendre comment cette \u00e9nergie peut vous aider durant certaines p\u00e9riodes de votre vie. Pour plus d&rsquo;informations sur le contenu du stage, cliquez sur le lien pdf ci-dessous.<\/p><p style=\"text-align: justify;\"><a href=\"http:\/\/connexion-animale.com\/wp-content\/uploads\/2016\/11\/\u00e0-la-rencontre-de-notre-\u00e9nergie-animale-stage.pdf\">\u00e0 la rencontre de notre \u00e9nergie animale stage<\/a><\/p><p style=\"text-align: justify;\">Les prochaines dates de stage se trouvent sur la page <a href=\"http:\/\/connexion-animale.com\/event\/\">agenda<\/a>.<\/p>\t\t\t\t\t\t\t\t<\/div>\n\t\t\t\t\t<\/div>\n\t\t<\/div>\n\t\t\t\t\t<\/div>\n\t\t<\/section>\n\t\t\t\t<\/div>\n\t\t","protected":false},"excerpt":{"rendered":"<p>Chaque esp\u00e8ce animale est porteuse d\u2019une mission, d\u2019un enseignement\u2026 A certains moments de notre vie, les animaux peuvent nous aider \u00e0 traverser des exp\u00e9riences en nous apportant leurs connaissances, en nous envoyant des messages. Chaque \u00eatre humain est marqu\u00e9 par une \u00e9nergie animale. Identifier et \u00eatre ouvert \u00e0 cette \u00e9nergie, c\u2019est se relier \u00e0 la Vie, \u00e0 notre nature profonde; c\u2019est mieux nous comprendre et nous rappeler ce que nous avons oubli\u00e9. Ce stage vous permettra de prendre contact avec votre \u00e9nergie animale, d&rsquo;appr\u00e9hender vos forces et vos zones d&rsquo;ombre, de comprendre comment cette \u00e9nergie peut vous aider durant certaines p\u00e9riodes de votre vie. Pour plus d&rsquo;informations sur le contenu du stage, cliquez sur le lien pdf ci-dessous. \u00e0 la rencontre de notre \u00e9nergie animale stage Les prochaines dates de stage se trouvent sur la page agenda.<\/p>\n","protected":false},"author":1,"featured_media":658,"parent":0,"menu_order":0,"comment_status":"closed","ping_status":"closed","template":"","meta":{"footnotes":""},"class_list":["post-656","page","type-page","status-publish","has-post-thumbnail","hentry"],"_links":{"self":[{"href":"https:\/\/connexion-animale.com\/index.php?rest_route=\/wp\/v2\/pages\/656","targetHints":{"allow":["GET"]}}],"collection":[{"href":"https:\/\/connexion-animale.com\/index.php?rest_route=\/wp\/v2\/pages"}],"about":[{"href":"https:\/\/connexion-animale.com\/index.php?rest_route=\/wp\/v2\/types\/page"}],"author":[{"embeddable":true,"href":"https:\/\/connexion-animale.com\/index.php?rest_route=\/wp\/v2\/users\/1"}],"replies":[{"embeddable":true,"href":"https:\/\/connexion-animale.com\/index.php?rest_route=%2Fwp%2Fv2%2Fcomments&post=656"}],"version-history":[{"count":2,"href":"https:\/\/connexion-animale.com\/index.php?rest_route=\/wp\/v2\/pages\/656\/revisions"}],"predecessor-version":[{"id":2073,"href":"https:\/\/connexion-animale.com\/index.php?rest_route=\/wp\/v2\/pages\/656\/revisions\/2073"}],"wp:featuredmedia":[{"embeddable":true,"href":"https:\/\/connexion-animale.com\/index.php?rest_route=\/"}],"wp:attachment":[{"href":"https:\/\/connexion-animale.com\/index.php?rest_route=%2Fwp%2Fv2%2Fmedia&parent=656"}],"curies":[{"name":"wp","href":"https:\/\/api.w.org\/{rel}","templated":true}]}}