{"id":726,"date":"2016-09-07T17:05:37","date_gmt":"2016-09-07T15:05:37","guid":{"rendered":"http:\/\/fg45phpnet.phpnet.org\/connexion-animale\/?page_id=726"},"modified":"2016-09-07T17:05:37","modified_gmt":"2016-09-07T15:05:37","slug":"ateliers-enfants","status":"publish","type":"page","link":"https:\/\/connexion-animale.com\/?page_id=726","title":{"rendered":"Ateliers Enfants"},"content":{"rendered":"\t\t<div data-elementor-type=\"wp-page\" data-elementor-id=\"726\" class=\"elementor elementor-726\">\n\t\t\t\t\t\t<section class=\"elementor-section elementor-top-section elementor-element elementor-element-15eb0068 elementor-section-boxed elementor-section-height-default elementor-section-height-default\" data-id=\"15eb0068\" data-element_type=\"section\" data-e-type=\"section\">\n\t\t\t\t\t\t<div class=\"elementor-container elementor-column-gap-default\">\n\t\t\t\t\t<div class=\"elementor-column elementor-col-100 elementor-top-column elementor-element elementor-element-210144e3\" data-id=\"210144e3\" data-element_type=\"column\" data-e-type=\"column\">\n\t\t\t<div class=\"elementor-widget-wrap elementor-element-populated\">\n\t\t\t\t\t\t<div class=\"elementor-element elementor-element-70f0e869 elementor-widget elementor-widget-text-editor\" data-id=\"70f0e869\" data-element_type=\"widget\" data-e-type=\"widget\" data-widget_type=\"text-editor.default\">\n\t\t\t\t\t\t\t\t\t<p style=\"text-align: justify;\">Durant trois ans, j&rsquo;ai travaill\u00e9 en tant que pr\u00e9sidente de l&rsquo;association HELP dont la mission \u00e9tait de rendre l&rsquo;homme conscient du vivant et de transmettre des valeurs aux enfants \u00e0 travers des activit\u00e9s cr\u00e9atives et p\u00e9dagogiques. Les membres de l&rsquo;association et moi-m\u00eame n&rsquo;ayant plus le temps et l&rsquo;\u00e9nergie de nous investir b\u00e9n\u00e9volement, nous avons pris la d\u00e9cision de dissoudre l&rsquo;association.<\/p><p style=\"text-align: justify;\">Aujourd&rsquo;hui, je reprends le projet de l&rsquo;association \u00e0 mon compte et poursuis donc l&rsquo;animation des ateliers enfants aupr\u00e8s des \u00e9coles, des centres de loisirs et des particuliers.<\/p><p style=\"text-align: justify;\">Je crois profond\u00e9ment qu\u2019il est possible d\u2019acc\u00e9der \u00e0 une <span style=\"color: #ff6600;\"><b>prise de conscience\u00a0 universelle<\/b><\/span> en modifiant notre regard \u00a0sur le monde vivant qui nous entoure et en int\u00e9grant \u00e0 notre quotidien des valeurs fondamentales \u00e0 la construction du monde de demain telles que l\u2019unit\u00e9, la responsabilit\u00e9 ou le partage.<\/p><p style=\"text-align: justify;\"><span style=\"color: #008000;\"><strong>Les ateliers\/stages:<\/strong><\/span><\/p><p style=\"text-align: justify;\">Chaque atelier est construit autour d&rsquo;une ou plusieurs <span style=\"color: #800080;\"><strong>valeurs fondamentales<\/strong><\/span> (\u00e9quit\u00e9, libert\u00e9, responsabilit\u00e9, partage, respect, conscience, unit\u00e9)<\/p><p style=\"text-align: justify;\">Les activit\u00e9s m\u00e8nent toutes \u00e0 une <span style=\"color: #800080;\"><b>r\u00e9flexion individuelle ou collective sur l\u2019une d\u2019entre elles au moins<\/b>.<\/span><\/p><p style=\"text-align: justify;\">Au-del\u00e0 de la transmission d\u2019une meilleure connaissance de la nature et du monde animal, ma d\u00e9marche permet \u00e0 l\u2019enfant de prendre conscience de lui-m\u00eame ainsi que de sa place, et de son r\u00f4le au sein du monde vivant.<\/p><p style=\"text-align: justify;\"><span style=\"color: #800080;\"><b><i>Il s\u2019agit d\u2019aller vers une v\u00e9ritable prise de conscience du r\u00f4le de chaque \u00eatre vivant et de notre responsabilit\u00e9 envers ce vivant.<\/i><\/b><\/span><\/p><p style=\"text-align: justify;\"><span style=\"color: #008000;\"><strong>Tarifs:<\/strong><\/span><\/p><p style=\"text-align: justify;\"><strong>60 euros\/h<\/strong> pour les prestations en centre de loisirs,\u00a0 dans les \u00e9coles&#8230; N&rsquo;h\u00e9sitez pas \u00e0 me contacter pour obtenir un devis.<\/p><p style=\"text-align: justify;\">Pour les particuliers, en moyenne <strong>15 euros par enfants<\/strong> pour la participation \u00e0 un atelier.<\/p>\t\t\t\t\t\t\t\t<\/div>\n\t\t\t\t\t<\/div>\n\t\t<\/div>\n\t\t\t\t\t<\/div>\n\t\t<\/section>\n\t\t\t\t<\/div>\n\t\t","protected":false},"excerpt":{"rendered":"<p>Durant trois ans, j&rsquo;ai travaill\u00e9 en tant que pr\u00e9sidente de l&rsquo;association HELP dont la mission \u00e9tait de rendre l&rsquo;homme conscient du vivant et de transmettre des valeurs aux enfants \u00e0 travers des activit\u00e9s cr\u00e9atives et p\u00e9dagogiques. Les membres de l&rsquo;association et moi-m\u00eame n&rsquo;ayant plus le temps et l&rsquo;\u00e9nergie de nous investir b\u00e9n\u00e9volement, nous avons pris la d\u00e9cision de dissoudre l&rsquo;association. Aujourd&rsquo;hui, je reprends le projet de l&rsquo;association \u00e0 mon compte et poursuis donc l&rsquo;animation des ateliers enfants aupr\u00e8s des \u00e9coles, des centres de loisirs et des particuliers. Je crois profond\u00e9ment qu\u2019il est possible d\u2019acc\u00e9der \u00e0 une prise de conscience\u00a0 universelle en modifiant notre regard \u00a0sur le monde vivant qui nous entoure et en int\u00e9grant \u00e0 notre quotidien des valeurs fondamentales \u00e0 la construction du monde de demain telles que l\u2019unit\u00e9, la responsabilit\u00e9 ou le partage. Les ateliers\/stages: Chaque atelier est construit autour d&rsquo;une ou plusieurs valeurs fondamentales (\u00e9quit\u00e9, libert\u00e9, responsabilit\u00e9, partage, respect, conscience, unit\u00e9) Les activit\u00e9s m\u00e8nent toutes \u00e0 une r\u00e9flexion individuelle ou collective sur l\u2019une d\u2019entre elles au moins. Au-del\u00e0 de la transmission d\u2019une meilleure connaissance de la nature et du monde animal, ma d\u00e9marche permet \u00e0 l\u2019enfant de prendre conscience de lui-m\u00eame ainsi que de sa place, et de son r\u00f4le au sein du monde vivant. Il s\u2019agit d\u2019aller vers une v\u00e9ritable prise de conscience du r\u00f4le de chaque \u00eatre vivant et de notre responsabilit\u00e9 envers ce vivant. Tarifs: 60 euros\/h pour les prestations en centre de loisirs,\u00a0 dans les \u00e9coles&#8230; N&rsquo;h\u00e9sitez pas \u00e0 me contacter pour obtenir un devis. Pour les particuliers, en moyenne 15 euros par enfants pour la participation \u00e0 un atelier.<\/p>\n","protected":false},"author":1,"featured_media":727,"parent":0,"menu_order":0,"comment_status":"closed","ping_status":"closed","template":"","meta":{"footnotes":""},"class_list":["post-726","page","type-page","status-publish","has-post-thumbnail","hentry"],"_links":{"self":[{"href":"https:\/\/connexion-animale.com\/index.php?rest_route=\/wp\/v2\/pages\/726","targetHints":{"allow":["GET"]}}],"collection":[{"href":"https:\/\/connexion-animale.com\/index.php?rest_route=\/wp\/v2\/pages"}],"about":[{"href":"https:\/\/connexion-animale.com\/index.php?rest_route=\/wp\/v2\/types\/page"}],"author":[{"embeddable":true,"href":"https:\/\/connexion-animale.com\/index.php?rest_route=\/wp\/v2\/users\/1"}],"replies":[{"embeddable":true,"href":"https:\/\/connexion-animale.com\/index.php?rest_route=%2Fwp%2Fv2%2Fcomments&post=726"}],"version-history":[{"count":0,"href":"https:\/\/connexion-animale.com\/index.php?rest_route=\/wp\/v2\/pages\/726\/revisions"}],"wp:featuredmedia":[{"embeddable":true,"href":"https:\/\/connexion-animale.com\/index.php?rest_route=\/"}],"wp:attachment":[{"href":"https:\/\/connexion-animale.com\/index.php?rest_route=%2Fwp%2Fv2%2Fmedia&parent=726"}],"curies":[{"name":"wp","href":"https:\/\/api.w.org\/{rel}","templated":true}]}}