{"id":736,"date":"2016-09-07T17:17:37","date_gmt":"2016-09-07T15:17:37","guid":{"rendered":"http:\/\/fg45phpnet.phpnet.org\/connexion-animale\/?page_id=736"},"modified":"2025-08-28T18:22:34","modified_gmt":"2025-08-28T16:22:34","slug":"mon-album-a-emotions","status":"publish","type":"page","link":"https:\/\/connexion-animale.com\/?page_id=736","title":{"rendered":"Mon album \u00e0 \u00e9motions"},"content":{"rendered":"<p>Les animaux ont-ils les m\u00eames besoins que nous ?<\/p>\n<p>Un animal peut-il \u00eatre joyeux, triste ou en col\u00e8re ?<\/p>\n<p>A partir de cartes repr\u00e9sentant des animaux aux expressions vari\u00e9es, les enfants confectionneront un album dans lequel ils pourront exprimer leurs \u00e9motions au cours du temps.<\/p>\n<p><i>Atelier inspir\u00e9 de la communication consciente d\u00e8s 6 ans.<br \/>\n<\/i><\/p>\n<p><strong>Bienfaits:<\/strong><\/p>\n<ul>\n<li><b>connaissance de soi<\/b>; <b>compr\u00e9hension de ses \u00e9motions <\/b>et de celles des autres.<\/li>\n<li>Apprendre \u00e0 relier une \u00e9motion \u00e0 un besoin non assouvi.<\/li>\n<li>Meilleur <b>compr\u00e9hension des r\u00e9actions des animaux <\/b>(sauvages ou domestiques).<\/li>\n<\/ul>\n<p>&nbsp;<\/p>\n<p><img fetchpriority=\"high\" decoding=\"async\" class=\"alignnone size-full wp-image-1972\" src=\"http:\/\/connexion-animale.com\/wp-content\/uploads\/2025\/08\/IMG_2019-2-300x300-1.jpg\" alt=\"\" width=\"300\" height=\"300\" srcset=\"https:\/\/connexion-animale.com\/wp-content\/uploads\/2025\/08\/IMG_2019-2-300x300-1.jpg 300w, https:\/\/connexion-animale.com\/wp-content\/uploads\/2025\/08\/IMG_2019-2-300x300-1-75x75.jpg 75w\" sizes=\"(max-width: 300px) 100vw, 300px\" \/> <img decoding=\"async\" class=\"size-full wp-image-1967 alignright\" src=\"http:\/\/connexion-animale.com\/wp-content\/uploads\/2025\/08\/Atelier-album-a-emotions-225x300-1.jpg\" alt=\"\" width=\"225\" height=\"300\" \/><\/p>\n","protected":false},"excerpt":{"rendered":"<p>Les animaux ont-ils les m\u00eames besoins que nous ? Un animal peut-il \u00eatre joyeux, triste ou en col\u00e8re ? A partir de cartes repr\u00e9sentant des animaux aux expressions vari\u00e9es, les enfants confectionneront un album dans lequel ils pourront exprimer leurs \u00e9motions au cours du temps. Atelier inspir\u00e9 de la communication consciente d\u00e8s 6 ans. Bienfaits: connaissance de soi; compr\u00e9hension de ses \u00e9motions et de celles des autres. Apprendre \u00e0 relier une \u00e9motion \u00e0 un besoin non assouvi. Meilleur compr\u00e9hension des r\u00e9actions des animaux (sauvages ou domestiques). &nbsp;<\/p>\n","protected":false},"author":1,"featured_media":0,"parent":0,"menu_order":0,"comment_status":"closed","ping_status":"closed","template":"","meta":{"footnotes":""},"class_list":["post-736","page","type-page","status-publish","hentry"],"_links":{"self":[{"href":"https:\/\/connexion-animale.com\/index.php?rest_route=\/wp\/v2\/pages\/736","targetHints":{"allow":["GET"]}}],"collection":[{"href":"https:\/\/connexion-animale.com\/index.php?rest_route=\/wp\/v2\/pages"}],"about":[{"href":"https:\/\/connexion-animale.com\/index.php?rest_route=\/wp\/v2\/types\/page"}],"author":[{"embeddable":true,"href":"https:\/\/connexion-animale.com\/index.php?rest_route=\/wp\/v2\/users\/1"}],"replies":[{"embeddable":true,"href":"https:\/\/connexion-animale.com\/index.php?rest_route=%2Fwp%2Fv2%2Fcomments&post=736"}],"version-history":[{"count":1,"href":"https:\/\/connexion-animale.com\/index.php?rest_route=\/wp\/v2\/pages\/736\/revisions"}],"predecessor-version":[{"id":2041,"href":"https:\/\/connexion-animale.com\/index.php?rest_route=\/wp\/v2\/pages\/736\/revisions\/2041"}],"wp:attachment":[{"href":"https:\/\/connexion-animale.com\/index.php?rest_route=%2Fwp%2Fv2%2Fmedia&parent=736"}],"curies":[{"name":"wp","href":"https:\/\/api.w.org\/{rel}","templated":true}]}}