{"id":740,"date":"2016-09-07T17:28:01","date_gmt":"2016-09-07T15:28:01","guid":{"rendered":"http:\/\/fg45phpnet.phpnet.org\/connexion-animale\/?page_id=740"},"modified":"2016-09-07T17:28:01","modified_gmt":"2016-09-07T15:28:01","slug":"ensemble-creons-du-beau","status":"publish","type":"page","link":"https:\/\/connexion-animale.com\/?page_id=740","title":{"rendered":"Ensemble cr\u00e9ons du beau!"},"content":{"rendered":"<p>A partir de mat\u00e9riaux naturels (bois, fleurs, coquillages, feuilles..) ou de dessins, les enfants vont laisser libre cours \u00e0 leur imagination et leur cr\u00e9ativit\u00e9 en r\u00e9alisant un mandala collectif g\u00e9ant.<\/p>\n<p><strong>Bienfaits:<\/strong><\/p>\n<ul>\n<li>Concentration et cr\u00e9ativit\u00e9;<\/li>\n<li>transition d\u2019une cr\u00e9ation individuelle vers une cr\u00e9ation\u00a0 collective : l\u2019int\u00e9r\u00eat du \u00ab\u00a0faire ensemble\u00a0\u00bb;<\/li>\n<li>Connaissance des mati\u00e8res naturelles;<\/li>\n<li>Ces \u0153uvres \u00e9ph\u00e9m\u00e8res incitent au \u00ab\u00a0l\u00e2cher prise\u00a0\u00bb.<\/li>\n<\/ul>\n<p>&nbsp;<\/p>\n<p>&nbsp;<\/p>\n<p><i>Espace : <\/i><i>variantes en int\u00e9rieur ou ext\u00e9rieur\u00a0 <\/i><\/p>\n<p><i>Dur\u00e9e : <\/i><b><i>\u00e0 partir de 1h30, <\/i><\/b><i>selon la variante.<\/i><\/p>\n<p><i>Mat\u00e9riel : <\/i><b><i>Adapt\u00e9 \u00e0 la variante et \u00e0 la saison <\/i><\/b><i>(mati\u00e8res naturelles, argile, sable, \u2026). <\/i><\/p>\n<p><i>L\u2019activit\u00e9 peut comprendre la <\/i><b><i>recherche de mati\u00e8res <\/i><\/b><i>naturelles en ext\u00e9rieur.<\/i><\/p>\n<p>&nbsp;<\/p>\n<p>&nbsp;<\/p>\n<p>&nbsp;<\/p>\n<p>&nbsp;<\/p>\n<p>&nbsp;<\/p>\n","protected":false},"excerpt":{"rendered":"<p>A partir de mat\u00e9riaux naturels (bois, fleurs, coquillages, feuilles..) ou de dessins, les enfants vont laisser libre cours \u00e0 leur imagination et leur cr\u00e9ativit\u00e9 en r\u00e9alisant un mandala collectif g\u00e9ant. Bienfaits: Concentration et cr\u00e9ativit\u00e9; transition d\u2019une cr\u00e9ation individuelle vers une cr\u00e9ation\u00a0 collective : l\u2019int\u00e9r\u00eat du \u00ab\u00a0faire ensemble\u00a0\u00bb; Connaissance des mati\u00e8res naturelles; Ces \u0153uvres \u00e9ph\u00e9m\u00e8res incitent au \u00ab\u00a0l\u00e2cher prise\u00a0\u00bb. &nbsp; &nbsp; Espace : variantes en int\u00e9rieur ou ext\u00e9rieur\u00a0 Dur\u00e9e : \u00e0 partir de 1h30, selon la variante. Mat\u00e9riel : Adapt\u00e9 \u00e0 la variante et \u00e0 la saison (mati\u00e8res naturelles, argile, sable, \u2026). L\u2019activit\u00e9 peut comprendre la recherche de mati\u00e8res naturelles en ext\u00e9rieur. &nbsp; &nbsp; &nbsp; &nbsp; &nbsp;<\/p>\n","protected":false},"author":1,"featured_media":743,"parent":0,"menu_order":0,"comment_status":"closed","ping_status":"closed","template":"","meta":{"footnotes":""},"class_list":["post-740","page","type-page","status-publish","has-post-thumbnail","hentry"],"_links":{"self":[{"href":"https:\/\/connexion-animale.com\/index.php?rest_route=\/wp\/v2\/pages\/740","targetHints":{"allow":["GET"]}}],"collection":[{"href":"https:\/\/connexion-animale.com\/index.php?rest_route=\/wp\/v2\/pages"}],"about":[{"href":"https:\/\/connexion-animale.com\/index.php?rest_route=\/wp\/v2\/types\/page"}],"author":[{"embeddable":true,"href":"https:\/\/connexion-animale.com\/index.php?rest_route=\/wp\/v2\/users\/1"}],"replies":[{"embeddable":true,"href":"https:\/\/connexion-animale.com\/index.php?rest_route=%2Fwp%2Fv2%2Fcomments&post=740"}],"version-history":[{"count":0,"href":"https:\/\/connexion-animale.com\/index.php?rest_route=\/wp\/v2\/pages\/740\/revisions"}],"wp:featuredmedia":[{"embeddable":true,"href":"https:\/\/connexion-animale.com\/index.php?rest_route=\/"}],"wp:attachment":[{"href":"https:\/\/connexion-animale.com\/index.php?rest_route=%2Fwp%2Fv2%2Fmedia&parent=740"}],"curies":[{"name":"wp","href":"https:\/\/api.w.org\/{rel}","templated":true}]}}