{"id":749,"date":"2016-09-08T14:36:15","date_gmt":"2016-09-08T12:36:15","guid":{"rendered":"http:\/\/fg45phpnet.phpnet.org\/connexion-animale\/?page_id=749"},"modified":"2025-08-28T18:23:59","modified_gmt":"2025-08-28T16:23:59","slug":"la-roue-des-valeurs","status":"publish","type":"page","link":"https:\/\/connexion-animale.com\/?page_id=749","title":{"rendered":"La roue des valeurs"},"content":{"rendered":"<p><b>Tournons ensemble la roue des valeurs<\/b>!<\/p>\n<p>Quel est donc ce mot ? Comment puis-je l\u2019appliquer avec ma famille, dans la nature ?<\/p>\n<p><b>Comment peut-il inspirer mon quotidien <\/b>?<\/p>\n<p>Cette roue qui incite au jeu permet de r\u00e9aliser de <b>nombreuses variantes<\/b> d\u2019ateliers : cr\u00e9ation d\u2019un calendrier, d\u2019un album, ou m\u00eame de sa propre roue \u00e0 tourner \u00e0 la maison dans les moments de doutes, en besoin d\u2019inspiration ou juste pour s\u2019amuser.<\/p>\n<p><strong>Bienfaits:<\/strong><\/p>\n<ul>\n<li>Une <b>occasion pour r\u00e9fl\u00e9chir \u00e0 des notions pas toujours simple<\/b>, les d\u00e9finir et de les repr\u00e9senter tout en s\u2019amusant.<\/li>\n<li>Cr\u00e9ativit\u00e9 et dext\u00e9rit\u00e9 manuelle selon la variante.<\/li>\n<\/ul>\n<p>&nbsp;<\/p>\n<p><img fetchpriority=\"high\" decoding=\"async\" class=\"alignnone size-full wp-image-1971\" src=\"http:\/\/connexion-animale.com\/wp-content\/uploads\/2025\/08\/IMG_1627-225x300-1.jpg\" alt=\"\" width=\"225\" height=\"300\" \/> <img decoding=\"async\" class=\"alignnone size-full wp-image-1969\" src=\"http:\/\/connexion-animale.com\/wp-content\/uploads\/2025\/08\/IMG_1624-1-225x300-1.jpg\" alt=\"\" width=\"225\" height=\"300\" \/> <img decoding=\"async\" class=\"alignnone size-full wp-image-1970\" src=\"http:\/\/connexion-animale.com\/wp-content\/uploads\/2025\/08\/IMG_1625-225x300-1.jpg\" alt=\"\" width=\"225\" height=\"300\" \/><\/p>\n<p>&nbsp;<\/p>\n","protected":false},"excerpt":{"rendered":"<p>Tournons ensemble la roue des valeurs! Quel est donc ce mot ? Comment puis-je l\u2019appliquer avec ma famille, dans la nature ? Comment peut-il inspirer mon quotidien ? Cette roue qui incite au jeu permet de r\u00e9aliser de nombreuses variantes d\u2019ateliers : cr\u00e9ation d\u2019un calendrier, d\u2019un album, ou m\u00eame de sa propre roue \u00e0 tourner \u00e0 la maison dans les moments de doutes, en besoin d\u2019inspiration ou juste pour s\u2019amuser. Bienfaits: Une occasion pour r\u00e9fl\u00e9chir \u00e0 des notions pas toujours simple, les d\u00e9finir et de les repr\u00e9senter tout en s\u2019amusant. Cr\u00e9ativit\u00e9 et dext\u00e9rit\u00e9 manuelle selon la variante. &nbsp; &nbsp;<\/p>\n","protected":false},"author":1,"featured_media":0,"parent":0,"menu_order":0,"comment_status":"closed","ping_status":"closed","template":"","meta":{"footnotes":""},"class_list":["post-749","page","type-page","status-publish","hentry"],"_links":{"self":[{"href":"https:\/\/connexion-animale.com\/index.php?rest_route=\/wp\/v2\/pages\/749","targetHints":{"allow":["GET"]}}],"collection":[{"href":"https:\/\/connexion-animale.com\/index.php?rest_route=\/wp\/v2\/pages"}],"about":[{"href":"https:\/\/connexion-animale.com\/index.php?rest_route=\/wp\/v2\/types\/page"}],"author":[{"embeddable":true,"href":"https:\/\/connexion-animale.com\/index.php?rest_route=\/wp\/v2\/users\/1"}],"replies":[{"embeddable":true,"href":"https:\/\/connexion-animale.com\/index.php?rest_route=%2Fwp%2Fv2%2Fcomments&post=749"}],"version-history":[{"count":1,"href":"https:\/\/connexion-animale.com\/index.php?rest_route=\/wp\/v2\/pages\/749\/revisions"}],"predecessor-version":[{"id":2042,"href":"https:\/\/connexion-animale.com\/index.php?rest_route=\/wp\/v2\/pages\/749\/revisions\/2042"}],"wp:attachment":[{"href":"https:\/\/connexion-animale.com\/index.php?rest_route=%2Fwp%2Fv2%2Fmedia&parent=749"}],"curies":[{"name":"wp","href":"https:\/\/api.w.org\/{rel}","templated":true}]}}