{"id":758,"date":"2016-09-08T15:28:34","date_gmt":"2016-09-08T13:28:34","guid":{"rendered":"http:\/\/fg45phpnet.phpnet.org\/connexion-animale\/?page_id=758"},"modified":"2025-08-28T18:27:19","modified_gmt":"2025-08-28T16:27:19","slug":"ensemble-construisons-la-maison-dun","status":"publish","type":"page","link":"https:\/\/connexion-animale.com\/?page_id=758","title":{"rendered":"Ensemble construisons la maison d&rsquo;un &#8230;"},"content":{"rendered":"<p>En groupe, les enfants devront construire l\u2019habitat d\u2019un animal de leur choix, partager leurs connaissances au sujet de cet animal, r\u00e9fl\u00e9chir \u00e0 l\u2019habitat le mieux adapt\u00e9 et mettre en commun leurs comp\u00e9tences pour r\u00e9aliser ce projet.<\/p>\n<p>Mais attention, chaque \u00eatre vivant \u00e0 besoin d\u2019un lieu de vie appropri\u00e9 &#8230;<\/p>\n<p><strong>Bienfaits:<\/strong><\/p>\n<ul>\n<li><b>R\u00e9alisation d\u2019un projet commun : favorise l\u2019\u00e9coute, le dialogue, l\u2019\u00e9change\u2026;<\/b><\/li>\n<li>D\u00e9veloppe la connaissance d\u2019une esp\u00e8ce et de ses besoins;<\/li>\n<li>\u00ab\u00a0D\u00e9brouillardise\u00a0\u00bb et manualit\u00e9.<\/li>\n<\/ul>\n<p>&nbsp;<\/p>\n<p><i>Espace : <\/i><b><i>en int\u00e9rieur ou ext\u00e9rieur, objet fabriqu\u00e9 \u00e0 destination d\u2019un milieu semi naturel, d\u2019un jardin, \u2026 .<\/i><\/b><\/p>\n<p><i>Dur\u00e9e : <\/i><b><i>entre 3 et 8h <\/i><\/b><i>,\u00a0 sur une demi journ\u00e9e ou lors d\u2019un stage.<\/i><\/p>\n<p><i>Mat\u00e9riel : <\/i><b><i>objets de r\u00e9cup\u00e9ration <\/i><\/b><i>issus du quotidien, branchages, palettes, paille, briques, pots en terre\u2026<\/i><\/p>\n<p><b><i>Les familles peuvent \u00eatre mises \u00e0 contribution pour la r\u00e9cup\u00e9ration du mat\u00e9riel.<\/i><\/b><\/p>\n<p>&nbsp;<\/p>\n<p><img fetchpriority=\"high\" decoding=\"async\" class=\"size-full wp-image-1973 alignleft\" src=\"http:\/\/connexion-animale.com\/wp-content\/uploads\/2025\/08\/IMG_2030-225x300-1.jpg\" alt=\"\" width=\"225\" height=\"300\" \/><img decoding=\"async\" class=\"size-full wp-image-1975 aligncenter\" src=\"http:\/\/connexion-animale.com\/wp-content\/uploads\/2025\/08\/IMG_2042-225x300-1.jpg\" alt=\"\" width=\"225\" height=\"300\" \/><img decoding=\"async\" class=\"size-full wp-image-1974 alignright\" src=\"http:\/\/connexion-animale.com\/wp-content\/uploads\/2025\/08\/IMG_2039-225x300-1.jpg\" alt=\"\" width=\"225\" height=\"300\" \/><\/p>\n<p>&nbsp;<\/p>\n<p>&nbsp;<\/p>\n","protected":false},"excerpt":{"rendered":"<p>En groupe, les enfants devront construire l\u2019habitat d\u2019un animal de leur choix, partager leurs connaissances au sujet de cet animal, r\u00e9fl\u00e9chir \u00e0 l\u2019habitat le mieux adapt\u00e9 et mettre en commun leurs comp\u00e9tences pour r\u00e9aliser ce projet. Mais attention, chaque \u00eatre vivant \u00e0 besoin d\u2019un lieu de vie appropri\u00e9 &#8230; Bienfaits: R\u00e9alisation d\u2019un projet commun : favorise l\u2019\u00e9coute, le dialogue, l\u2019\u00e9change\u2026; D\u00e9veloppe la connaissance d\u2019une esp\u00e8ce et de ses besoins; \u00ab\u00a0D\u00e9brouillardise\u00a0\u00bb et manualit\u00e9. &nbsp; Espace : en int\u00e9rieur ou ext\u00e9rieur, objet fabriqu\u00e9 \u00e0 destination d\u2019un milieu semi naturel, d\u2019un jardin, \u2026 . Dur\u00e9e : entre 3 et 8h ,\u00a0 sur une demi journ\u00e9e ou lors d\u2019un stage. Mat\u00e9riel : objets de r\u00e9cup\u00e9ration issus du quotidien, branchages, palettes, paille, briques, pots en terre\u2026 Les familles peuvent \u00eatre mises \u00e0 contribution pour la r\u00e9cup\u00e9ration du mat\u00e9riel. &nbsp; &nbsp; &nbsp;<\/p>\n","protected":false},"author":1,"featured_media":0,"parent":0,"menu_order":0,"comment_status":"closed","ping_status":"closed","template":"","meta":{"footnotes":""},"class_list":["post-758","page","type-page","status-publish","hentry"],"_links":{"self":[{"href":"https:\/\/connexion-animale.com\/index.php?rest_route=\/wp\/v2\/pages\/758","targetHints":{"allow":["GET"]}}],"collection":[{"href":"https:\/\/connexion-animale.com\/index.php?rest_route=\/wp\/v2\/pages"}],"about":[{"href":"https:\/\/connexion-animale.com\/index.php?rest_route=\/wp\/v2\/types\/page"}],"author":[{"embeddable":true,"href":"https:\/\/connexion-animale.com\/index.php?rest_route=\/wp\/v2\/users\/1"}],"replies":[{"embeddable":true,"href":"https:\/\/connexion-animale.com\/index.php?rest_route=%2Fwp%2Fv2%2Fcomments&post=758"}],"version-history":[{"count":1,"href":"https:\/\/connexion-animale.com\/index.php?rest_route=\/wp\/v2\/pages\/758\/revisions"}],"predecessor-version":[{"id":2045,"href":"https:\/\/connexion-animale.com\/index.php?rest_route=\/wp\/v2\/pages\/758\/revisions\/2045"}],"wp:attachment":[{"href":"https:\/\/connexion-animale.com\/index.php?rest_route=%2Fwp%2Fv2%2Fmedia&parent=758"}],"curies":[{"name":"wp","href":"https:\/\/api.w.org\/{rel}","templated":true}]}}