{"id":856,"date":"2016-12-08T16:41:09","date_gmt":"2016-12-08T15:41:09","guid":{"rendered":"http:\/\/connexion-animale.com\/?page_id=856"},"modified":"2025-10-21T17:23:03","modified_gmt":"2025-10-21T15:23:03","slug":"joie-doffrir","status":"publish","type":"page","link":"https:\/\/connexion-animale.com\/?page_id=856","title":{"rendered":"Joie d&rsquo;offrir &#8211; Bon cadeau"},"content":{"rendered":"\t\t<div data-elementor-type=\"wp-page\" data-elementor-id=\"856\" class=\"elementor elementor-856\">\n\t\t\t\t\t\t<section class=\"elementor-section elementor-top-section elementor-element elementor-element-287ca8e elementor-section-boxed elementor-section-height-default elementor-section-height-default\" data-id=\"287ca8e\" data-element_type=\"section\" data-e-type=\"section\">\n\t\t\t\t\t\t<div class=\"elementor-container elementor-column-gap-default\">\n\t\t\t\t\t<div class=\"elementor-column elementor-col-100 elementor-top-column elementor-element elementor-element-da19329\" data-id=\"da19329\" data-element_type=\"column\" data-e-type=\"column\">\n\t\t\t<div class=\"elementor-widget-wrap elementor-element-populated\">\n\t\t\t\t\t\t<div class=\"elementor-element elementor-element-5fd82a7b elementor-widget elementor-widget-text-editor\" data-id=\"5fd82a7b\" data-element_type=\"widget\" data-e-type=\"widget\" data-widget_type=\"text-editor.default\">\n\t\t\t\t\t\t\t\t\t<p style=\"text-align: justify;\">Vous souhaitez offrir un <span style=\"color: #993366;\"><strong>cadeau original et enrichissant<\/strong><\/span> \u00e0 vos proches, voici des bons cadeaux pour une <span style=\"color: #993366;\"><strong>communication avec leur animal, un soin \u00e9nerg\u00e9tique ou une journ\u00e9e de formation ! Je peux adapter les bons cadeaux pour toutes occasions <\/strong><\/span>(f\u00eate, anniversaire&#8230;), n&rsquo;h\u00e9sitez pas \u00e0 me contacter \ud83d\ude42 Je propose plusieurs mod\u00e8les.<\/p><p style=\"text-align: justify;\">Il est \u00e9galement possible pour moi de r\u00e9aliser des bons cadeaux personnalis\u00e9s en utilisant la photo de l&rsquo;animal de la personne \u00e0 qui vous souhaitez offrir le bon.<strong><br \/><\/strong><\/p><p style=\"text-align: justify;\">Les bons concernant les communications sont valables 1 an et ceux concernant les formations sont valables 2 ans. Il est possible de ne pas offrir la totalit\u00e9 d&rsquo;une communication ou d&rsquo;une formation mais d&rsquo;indiquer la valeur du bon (cf montant).<\/p><p style=\"text-align: justify;\"><span style=\"color: #008080;\"><strong><em>\u00c9tablir une communication avec votre animal permet d\u2019\u00eatre en lien avec ses besoins, ses envies et ses ressentis, cela permet \u00e9galement d\u2019approfondir votre relation \u00e0 celui-ci et permet aussi de travailler sur vous.<\/em><\/strong><\/span><\/p><p style=\"text-align: justify;\">Je propose plusieurs formations : \u00ab Introduction \u00e0 la communication animale \u00bb, \u00ab Communication avec la Nature et les animaux niveau 2 \u00bb, \u00abAccompagnement fin de vie et communication avec les animaux d\u00e9funts \u00bb, \u00ab A la rencontre de notre \u00e9nergie animale \u00bb.\u00a0 Ces formations permettent d\u2019approfondir votre relation au monde vivant dans sa globalit\u00e9 et de vous donner une clef suppl\u00e9mentaire dans votre \u00e9volution personnelle.<\/p>\t\t\t\t\t\t\t\t<\/div>\n\t\t\t\t\t<\/div>\n\t\t<\/div>\n\t\t\t\t\t<\/div>\n\t\t<\/section>\n\t\t\t\t<section class=\"elementor-section elementor-top-section elementor-element elementor-element-570198a elementor-section-boxed elementor-section-height-default elementor-section-height-default\" data-id=\"570198a\" data-element_type=\"section\" data-e-type=\"section\">\n\t\t\t\t\t\t<div class=\"elementor-container elementor-column-gap-default\">\n\t\t\t\t\t<div class=\"elementor-column elementor-col-100 elementor-top-column elementor-element elementor-element-82875e5\" data-id=\"82875e5\" data-element_type=\"column\" data-e-type=\"column\">\n\t\t\t<div class=\"elementor-widget-wrap elementor-element-populated\">\n\t\t\t\t\t\t<div class=\"elementor-element elementor-element-d2b0070 elementor-widget elementor-widget-image\" data-id=\"d2b0070\" data-element_type=\"widget\" data-e-type=\"widget\" data-widget_type=\"image.default\">\n\t\t\t\t\t\t\t\t\t\t\t\t\t\t\t<img fetchpriority=\"high\" decoding=\"async\" width=\"1024\" height=\"1024\" src=\"https:\/\/connexion-animale.com\/wp-content\/uploads\/2025\/08\/Bon-cadeau-Communication-animale-1024x1024-1.png\" class=\"attachment-large size-large wp-image-1989\" alt=\"\" srcset=\"https:\/\/connexion-animale.com\/wp-content\/uploads\/2025\/08\/Bon-cadeau-Communication-animale-1024x1024-1.png 1024w, https:\/\/connexion-animale.com\/wp-content\/uploads\/2025\/08\/Bon-cadeau-Communication-animale-1024x1024-1-300x300.png 300w, https:\/\/connexion-animale.com\/wp-content\/uploads\/2025\/08\/Bon-cadeau-Communication-animale-1024x1024-1-75x75.png 75w\" sizes=\"(max-width: 1024px) 100vw, 1024px\" \/>\t\t\t\t\t\t\t\t\t\t\t\t\t\t\t<\/div>\n\t\t\t\t\t<\/div>\n\t\t<\/div>\n\t\t\t\t\t<\/div>\n\t\t<\/section>\n\t\t\t\t<section class=\"elementor-section elementor-top-section elementor-element elementor-element-6ce4c17 elementor-section-boxed elementor-section-height-default elementor-section-height-default\" data-id=\"6ce4c17\" data-element_type=\"section\" data-e-type=\"section\">\n\t\t\t\t\t\t<div class=\"elementor-container elementor-column-gap-default\">\n\t\t\t\t\t<div class=\"elementor-column elementor-col-100 elementor-top-column elementor-element elementor-element-4e6aff7\" data-id=\"4e6aff7\" data-element_type=\"column\" data-e-type=\"column\">\n\t\t\t<div class=\"elementor-widget-wrap elementor-element-populated\">\n\t\t\t\t\t\t<div class=\"elementor-element elementor-element-a51fb3c elementor-widget elementor-widget-image\" data-id=\"a51fb3c\" data-element_type=\"widget\" data-e-type=\"widget\" data-widget_type=\"image.default\">\n\t\t\t\t\t\t\t\t\t\t\t\t\t\t\t<img decoding=\"async\" width=\"1024\" height=\"1024\" src=\"https:\/\/connexion-animale.com\/wp-content\/uploads\/2025\/08\/Bon-cadeau-Communication-animale7-1024x1024-1.png\" class=\"attachment-large size-large wp-image-1988\" alt=\"\" srcset=\"https:\/\/connexion-animale.com\/wp-content\/uploads\/2025\/08\/Bon-cadeau-Communication-animale7-1024x1024-1.png 1024w, https:\/\/connexion-animale.com\/wp-content\/uploads\/2025\/08\/Bon-cadeau-Communication-animale7-1024x1024-1-300x300.png 300w, https:\/\/connexion-animale.com\/wp-content\/uploads\/2025\/08\/Bon-cadeau-Communication-animale7-1024x1024-1-75x75.png 75w\" sizes=\"(max-width: 1024px) 100vw, 1024px\" \/>\t\t\t\t\t\t\t\t\t\t\t\t\t\t\t<\/div>\n\t\t\t\t<div class=\"elementor-element elementor-element-b5f3e42 elementor-widget elementor-widget-image\" data-id=\"b5f3e42\" data-element_type=\"widget\" data-e-type=\"widget\" data-widget_type=\"image.default\">\n\t\t\t\t\t\t\t\t\t\t\t\t\t\t\t<img decoding=\"async\" width=\"1748\" height=\"1240\" src=\"https:\/\/connexion-animale.com\/wp-content\/uploads\/2025\/10\/4.png\" class=\"attachment-large size-large wp-image-2165\" alt=\"\" srcset=\"https:\/\/connexion-animale.com\/wp-content\/uploads\/2025\/10\/4.png 1748w, https:\/\/connexion-animale.com\/wp-content\/uploads\/2025\/10\/4-1140x809.png 1140w\" sizes=\"(max-width: 1748px) 100vw, 1748px\" \/>\t\t\t\t\t\t\t\t\t\t\t\t\t\t\t<\/div>\n\t\t\t\t\t<\/div>\n\t\t<\/div>\n\t\t\t\t\t<\/div>\n\t\t<\/section>\n\t\t\t\t<section class=\"elementor-section elementor-top-section elementor-element elementor-element-2c6ad8a elementor-section-boxed elementor-section-height-default elementor-section-height-default\" data-id=\"2c6ad8a\" data-element_type=\"section\" data-e-type=\"section\">\n\t\t\t\t\t\t<div class=\"elementor-container elementor-column-gap-default\">\n\t\t\t\t\t<div class=\"elementor-column elementor-col-100 elementor-top-column elementor-element elementor-element-eef7dbb\" data-id=\"eef7dbb\" data-element_type=\"column\" data-e-type=\"column\">\n\t\t\t<div class=\"elementor-widget-wrap elementor-element-populated\">\n\t\t\t\t\t\t<div class=\"elementor-element elementor-element-49c8c54 elementor-widget elementor-widget-image\" data-id=\"49c8c54\" data-element_type=\"widget\" data-e-type=\"widget\" data-widget_type=\"image.default\">\n\t\t\t\t\t\t\t\t\t\t\t\t\t\t\t<img loading=\"lazy\" decoding=\"async\" width=\"1748\" height=\"1240\" src=\"https:\/\/connexion-animale.com\/wp-content\/uploads\/2025\/10\/5.png\" class=\"attachment-large size-large wp-image-2166\" alt=\"\" srcset=\"https:\/\/connexion-animale.com\/wp-content\/uploads\/2025\/10\/5.png 1748w, https:\/\/connexion-animale.com\/wp-content\/uploads\/2025\/10\/5-1140x809.png 1140w\" sizes=\"(max-width: 1748px) 100vw, 1748px\" \/>\t\t\t\t\t\t\t\t\t\t\t\t\t\t\t<\/div>\n\t\t\t\t\t<\/div>\n\t\t<\/div>\n\t\t\t\t\t<\/div>\n\t\t<\/section>\n\t\t\t\t<\/div>\n\t\t","protected":false},"excerpt":{"rendered":"<p>Vous souhaitez offrir un cadeau original et enrichissant \u00e0 vos proches, voici des bons cadeaux pour une communication avec leur animal, un soin \u00e9nerg\u00e9tique ou une journ\u00e9e de formation ! Je peux adapter les bons cadeaux pour toutes occasions (f\u00eate, anniversaire&#8230;), n&rsquo;h\u00e9sitez pas \u00e0 me contacter \ud83d\ude42 Je propose plusieurs mod\u00e8les. Il est \u00e9galement possible pour moi de r\u00e9aliser des bons cadeaux personnalis\u00e9s en utilisant la photo de l&rsquo;animal de la personne \u00e0 qui vous souhaitez offrir le bon. Les bons concernant les communications sont valables 1 an et ceux concernant les formations sont valables 2 ans. Il est possible de ne pas offrir la totalit\u00e9 d&rsquo;une communication ou d&rsquo;une formation mais d&rsquo;indiquer la valeur du bon (cf montant). \u00c9tablir une communication avec votre animal permet d\u2019\u00eatre en lien avec ses besoins, ses envies et ses ressentis, cela permet \u00e9galement d\u2019approfondir votre relation \u00e0 celui-ci et permet aussi de travailler sur vous. Je propose plusieurs formations : \u00ab Introduction \u00e0 la communication animale \u00bb, \u00ab Communication avec la Nature et les animaux niveau 2 \u00bb, \u00abAccompagnement fin de vie et communication avec les animaux d\u00e9funts \u00bb, \u00ab A la rencontre de notre \u00e9nergie animale \u00bb.\u00a0 Ces formations permettent d\u2019approfondir votre relation au monde vivant dans sa globalit\u00e9 et de vous donner une clef suppl\u00e9mentaire dans votre \u00e9volution personnelle.<\/p>\n","protected":false},"author":1,"featured_media":0,"parent":0,"menu_order":0,"comment_status":"closed","ping_status":"closed","template":"","meta":{"footnotes":""},"class_list":["post-856","page","type-page","status-publish","hentry"],"_links":{"self":[{"href":"https:\/\/connexion-animale.com\/index.php?rest_route=\/wp\/v2\/pages\/856","targetHints":{"allow":["GET"]}}],"collection":[{"href":"https:\/\/connexion-animale.com\/index.php?rest_route=\/wp\/v2\/pages"}],"about":[{"href":"https:\/\/connexion-animale.com\/index.php?rest_route=\/wp\/v2\/types\/page"}],"author":[{"embeddable":true,"href":"https:\/\/connexion-animale.com\/index.php?rest_route=\/wp\/v2\/users\/1"}],"replies":[{"embeddable":true,"href":"https:\/\/connexion-animale.com\/index.php?rest_route=%2Fwp%2Fv2%2Fcomments&post=856"}],"version-history":[{"count":4,"href":"https:\/\/connexion-animale.com\/index.php?rest_route=\/wp\/v2\/pages\/856\/revisions"}],"predecessor-version":[{"id":2170,"href":"https:\/\/connexion-animale.com\/index.php?rest_route=\/wp\/v2\/pages\/856\/revisions\/2170"}],"wp:attachment":[{"href":"https:\/\/connexion-animale.com\/index.php?rest_route=%2Fwp%2Fv2%2Fmedia&parent=856"}],"curies":[{"name":"wp","href":"https:\/\/api.w.org\/{rel}","templated":true}]}}