{"id":955,"date":"2018-04-19T13:37:40","date_gmt":"2018-04-19T11:37:40","guid":{"rendered":"http:\/\/connexion-animale.com\/?page_id=955"},"modified":"2025-08-28T19:13:50","modified_gmt":"2025-08-28T17:13:50","slug":"stage-18-22-ans-souvrir-a-soi-souvrir-au-monde","status":"publish","type":"page","link":"https:\/\/connexion-animale.com\/?page_id=955","title":{"rendered":"Stage 18-22 ans \u00ab\u00a0S&rsquo;ouvrir \u00e0 Soi, S&rsquo;ouvrir au Monde\u00a0\u00bb"},"content":{"rendered":"<p style=\"text-align: justify;\"><em><span style=\"color: #800080;\">La <b>d\u00e9couverte de soi <\/b>est une qu\u00eate que chaque \u00eatre humain est amen\u00e9 \u00e0 entamer, consciemment ou non, volontairement ou non. Nous nous confrontons tous et toutes aux questions \u00abqui suis-je ?\u00bb \u00abo\u00f9 vais-je?\u00bb \u00abquelle est ma mission sur cette terre ?\u00bb Entre les attentes de nos parents, celles de la \u00absoci\u00e9t\u00e9\u00bb, nos repr\u00e9sentations, peurs et croyances limitantes, il est difficile de r\u00e9pondre \u00e0 ces questions et de savoir ce qui est r\u00e9ellement juste pour nous. Et si le premier pas pour y r\u00e9pondre \u00e9tait de nous lib\u00e9rer de nos conditionnements pour aller vers notre <b>nature v\u00e9ritable? <\/b>Se lib\u00e9rer de nos conditionnements, c\u2019est faire un pas vers nos envies et aspirations profondes. En faisant ce pas, nous red\u00e9couvrons ce qui est vibrant pour nous et nous pouvons ainsi davantage <b>l\u2019incarner dans le monde<\/b>. Lorsque nous nous ouvrons \u00e0 nous-m\u00eame, un nouveau monde s\u2019ouvre \u00e0 nous. La nature, les animaux et les autres deviennent alors source d\u2019<b>apprentissage<\/b> et d\u2019<b>\u00e9merveillement<\/b>. Nous ne nous sentons plus soumis au monde mais inclus dans celui-ci. Nous devenons des \u00eatres <b>responsables<\/b> et <b>confiants. <\/b><\/span><\/em><\/p>\n<p style=\"text-align: justify;\"><em><span style=\"color: #800080;\">Durant ce stage, nous te proposons d\u2019aller \u00e0 la rencontre de toi-m\u00eame et de d\u00e9couvrir, avec un <b>nouveau regard, <\/b>le monde qui t\u2019entoure.<\/span><\/em><\/p>\n<div>\n<div>\n<div>Je propose un nouveau stage \u00e0 destination des <b>18-22 ans<\/b> sur le th\u00e8me <span style=\"color: #993366;\"><i><b><span style=\"color: #ff6600;\">\u00ab\u00a0S&rsquo;ouvrir \u00e0 Soi, S&rsquo;ouvrir au monde\u00a0\u00bb<\/span> <\/b><\/i><\/span>en co-animation avec No\u00e9mie OTT.<\/div>\n<p>Ce stage s&rsquo;articule en deux modules dissociables:<\/p>\n<\/div>\n<ul>\n<li>Le premier module \u00ab\u00a0Libre d&rsquo;\u00eatre soi\u00a0\u00bb <b>.<\/b><\/li>\n<\/ul>\n<\/div>\n<ul>\n<li>Le deuxi\u00e8me module \u00ab\u00a0\u00catre soi dans le monde\u00a0\u00bb <b>.<\/b><\/li>\n<\/ul>\n<p><span style=\"color: #339966;\"><i><b>Ce stage am\u00e8nera les participants a d\u00e9velopper une relation juste et bienveillante envers eux, envers les autres et envers le vivant dans son ensemble. Il apportera un nouveau regard sur soi et sur le monde.<\/b><\/i><\/span><\/p>\n<p>Les prochaines dates de stage se trouvent sur la <strong>page \u00e9v\u00e9nement<\/strong>. Vous trouverez toutes les informations le concernant en cliquant sur le lien ci dessous:<\/p>\n<p><a href=\"http:\/\/connexion-animale.com\/wp-content\/uploads\/2025\/08\/Stage-souvrir-a-soi-souvrir-au-monde.pdf\">Stage s&rsquo;ouvrir \u00e0 soi s&rsquo;ouvrir au monde<\/a><\/p>\n<p>&nbsp;<\/p>\n","protected":false},"excerpt":{"rendered":"<p>La d\u00e9couverte de soi est une qu\u00eate que chaque \u00eatre humain est amen\u00e9 \u00e0 entamer, consciemment ou non, volontairement ou non. Nous nous confrontons tous et toutes aux questions \u00abqui suis-je ?\u00bb \u00abo\u00f9 vais-je?\u00bb \u00abquelle est ma mission sur cette terre ?\u00bb Entre les attentes de nos parents, celles de la \u00absoci\u00e9t\u00e9\u00bb, nos repr\u00e9sentations, peurs et croyances limitantes, il est difficile de r\u00e9pondre \u00e0 ces questions et de savoir ce qui est r\u00e9ellement juste pour nous. Et si le premier pas pour y r\u00e9pondre \u00e9tait de nous lib\u00e9rer de nos conditionnements pour aller vers notre nature v\u00e9ritable? Se lib\u00e9rer de nos conditionnements, c\u2019est faire un pas vers nos envies et aspirations profondes. En faisant ce pas, nous red\u00e9couvrons ce qui est vibrant pour nous et nous pouvons ainsi davantage l\u2019incarner dans le monde. Lorsque nous nous ouvrons \u00e0 nous-m\u00eame, un nouveau monde s\u2019ouvre \u00e0 nous. La nature, les animaux et les autres deviennent alors source d\u2019apprentissage et d\u2019\u00e9merveillement. Nous ne nous sentons plus soumis au monde mais inclus dans celui-ci. Nous devenons des \u00eatres responsables et confiants. Durant ce stage, nous te proposons d\u2019aller \u00e0 la rencontre de toi-m\u00eame et de d\u00e9couvrir, avec un nouveau regard, le monde qui t\u2019entoure. Je propose un nouveau stage \u00e0 destination des 18-22 ans sur le th\u00e8me \u00ab\u00a0S&rsquo;ouvrir \u00e0 Soi, S&rsquo;ouvrir au monde\u00a0\u00bb en co-animation avec No\u00e9mie OTT. Ce stage s&rsquo;articule en deux modules dissociables: Le premier module \u00ab\u00a0Libre d&rsquo;\u00eatre soi\u00a0\u00bb . Le deuxi\u00e8me module \u00ab\u00a0\u00catre soi dans le monde\u00a0\u00bb . Ce stage am\u00e8nera les participants a d\u00e9velopper une relation juste et bienveillante envers eux, envers les autres et envers le vivant dans son ensemble. Il apportera un nouveau regard sur soi et sur le monde. Les prochaines dates de stage se trouvent sur la page \u00e9v\u00e9nement. Vous trouverez toutes les informations le concernant en cliquant sur le lien ci dessous: Stage s&rsquo;ouvrir \u00e0 soi s&rsquo;ouvrir au monde &nbsp;<\/p>\n","protected":false},"author":1,"featured_media":957,"parent":0,"menu_order":0,"comment_status":"closed","ping_status":"closed","template":"","meta":{"footnotes":""},"class_list":["post-955","page","type-page","status-publish","has-post-thumbnail","hentry"],"_links":{"self":[{"href":"https:\/\/connexion-animale.com\/index.php?rest_route=\/wp\/v2\/pages\/955","targetHints":{"allow":["GET"]}}],"collection":[{"href":"https:\/\/connexion-animale.com\/index.php?rest_route=\/wp\/v2\/pages"}],"about":[{"href":"https:\/\/connexion-animale.com\/index.php?rest_route=\/wp\/v2\/types\/page"}],"author":[{"embeddable":true,"href":"https:\/\/connexion-animale.com\/index.php?rest_route=\/wp\/v2\/users\/1"}],"replies":[{"embeddable":true,"href":"https:\/\/connexion-animale.com\/index.php?rest_route=%2Fwp%2Fv2%2Fcomments&post=955"}],"version-history":[{"count":1,"href":"https:\/\/connexion-animale.com\/index.php?rest_route=\/wp\/v2\/pages\/955\/revisions"}],"predecessor-version":[{"id":2077,"href":"https:\/\/connexion-animale.com\/index.php?rest_route=\/wp\/v2\/pages\/955\/revisions\/2077"}],"wp:featuredmedia":[{"embeddable":true,"href":"https:\/\/connexion-animale.com\/index.php?rest_route=\/"}],"wp:attachment":[{"href":"https:\/\/connexion-animale.com\/index.php?rest_route=%2Fwp%2Fv2%2Fmedia&parent=955"}],"curies":[{"name":"wp","href":"https:\/\/api.w.org\/{rel}","templated":true}]}}